{"id":15,"date":"2021-07-23T23:16:44","date_gmt":"2021-07-23T23:16:44","guid":{"rendered":"https:\/\/masam.cuautitlan.unam.mx\/dycme\/?page_id=15"},"modified":"2025-08-12T07:24:58","modified_gmt":"2025-08-12T07:24:58","slug":"crea-tu-web-con-bloques","status":"publish","type":"page","link":"https:\/\/masam.cuautitlan.unam.mx\/dycme\/","title":{"rendered":"Facultad de Estudios Superiores Cuautitl\u00e1n"},"content":{"rendered":"<strong>Introducci\u00f3n<\/strong>\r\n<div class=\"x_entry-content\">\r\n\r\nEn las carreras de ingenier\u00eda y tecnolog\u00eda impartidas en a FES-C, se cuenta con estudiantes de gran capacidad intelectual y t\u00e9cnica, en ocasiones, lo \u00fanico que estos alumnos necesitan para poder desarrollar sus ideas, es que institucionalmente se les apoye y se les motive a llevarlas hac\u00eda adelante. Cuando estos alumnos son impulsados, logran ideas y proyectos con gran valor ingenieril y cient\u00edfico.\r\n\r\nEste proyecto se ha desarrollado con la intenci\u00f3n de motivar a los alumnos a continuar con sus metas acad\u00e9micas, lo cual se muestra en la\u00a0<a href=\"https:\/\/virtual.cuautitlan.unam.mx\/intar\" target=\"_blank\" rel=\"noopener noreferrer\" data-auth=\"NotApplicable\" data-linkindex=\"0\" data-ogsc=\"\">p\u00e1gina principal<\/a>\u00a0de esta web, tambi\u00e9n se busca que el alumno tenga en las p\u00e1ginas pertenecientes a este proyecto una ayuda en el aprendizaje de diferentes temas que se encuentran dentro de las asignaturas de ingenier\u00eda. Esta p\u00e1gina esta destinada al aprendizaje de los conceptos b\u00e1sicos y complementarios de Din\u00e1mica de sistemas f\u00edsicos y rob\u00f3tica m\u00f3vil, principalmente, temas relacionados a la carrera de IME.\r\n\r\nLas p\u00e1ginas que integran esta web son:\r\n\r\n<a href=\"https:\/\/virtual.cuautitlan.unam.mx\/intar\" target=\"_blank\" rel=\"noopener noreferrer\" data-auth=\"NotApplicable\" data-linkindex=\"1\" data-ogsc=\"\">https:\/\/virtual.cuautitlan.unam.mx\/intar<\/a>, p\u00e1gina principal en la cual se desglosan conceptos y proyectos relacionados a diferentes t\u00f3picos de inteligencia artificial.\r\n\r\n<a href=\"https:\/\/virtual.cuautitlan.unam.mx\/intar\/ceiaait\/\" target=\"_blank\" rel=\"noopener noreferrer\" data-auth=\"NotApplicable\" data-linkindex=\"2\" data-ogsc=\"\">https:\/\/virtual.cuautitlan.unam.mx\/intar\/ceiaait\/<\/a>, p\u00e1gina destinada al Congreso Estudiantil de Inteligencia Artificial Aplicada a la Ingenier\u00eda y Tecnolog\u00eda. Evento acad\u00e9mico que se ha realizado para que alumnos de diferentes niveles educativos presenten sus proyectos cient\u00edficos y tecnol\u00f3gicos.\r\n\r\n<\/div>\r\n<a href=\"https:\/\/virtual.cuautitlan.unam.mx\/intar\/cimcia\/\" target=\"_blank\" rel=\"noopener noreferrer\" data-auth=\"NotApplicable\" data-linkindex=\"2\" data-ogsc=\"\">https:\/\/virtual.cuautitlan.unam.mx\/intar\/cimcia\/<\/a>, p\u00e1gina destinada al Congreso Internacional de Mecatr\u00f3nica, Control e Inteligencia Artificial. Este evento busca acercar a los acad\u00e9micos, alumnos e industria donde se muestren los proyectos cient\u00edficos y tecnol\u00f3gicos que se hacen en cada \u00e1rea.\r\n<div class=\"x_entry-content\">\r\n\r\n<a href=\"https:\/\/virtual.cuautitlan.unam.mx\/intar\/ime\" target=\"_blank\" rel=\"noopener noreferrer\" data-auth=\"NotApplicable\" data-linkindex=\"3\" data-ogsc=\"\">https:\/\/virtual.cuautitlan.unam.mx\/intar\/ime<\/a>, p\u00e1gina destinada, principalmente, a la carrera de Ingenier\u00eda Mec\u00e1nica El\u00e9ctrica, impartida en la FESC. En ella se tratan temas de Teor\u00eda de control y rob\u00f3tica, as\u00ed como el dise\u00f1o de pr\u00e1cticas virtuales para los laboratorios del \u00e1rea el\u00e9ctrica.\r\n\r\n<a href=\"https:\/\/masam.cuautitlan.unam.mx\/dycme\" target=\"_blank\" rel=\"noopener noreferrer\" data-auth=\"NotApplicable\" data-linkindex=\"4\" data-ogsc=\"\">https:\/\/masam.cuautitlan.unam.mx\/dycme<\/a>, p\u00e1gina destinada a la ense\u00f1anza de asignaturas pertenecientes a la carrera de Ingenier\u00eda Mec\u00e1nica El\u00e9ctrica, enfocada principalmente en din\u00e1mica de sistemas f\u00edsicos y rob\u00f3tica m\u00f3vil.\r\n\r\n<a href=\"https:\/\/virtual.cuautitlan.unam.mx\/intar\/sistdig\" target=\"_blank\" rel=\"noopener noreferrer\" data-auth=\"NotApplicable\" data-linkindex=\"5\" data-ogsc=\"\">https:\/\/virtual.cuautitlan.unam.mx\/intar\/sistdig<\/a>, la m\u00e1s reciente de las p\u00e1ginas de esta web, destinada a la ense\u00f1anza y descripci\u00f3n de los temas relacionados con Sistemas digitales, una de las dos \u00e1reas principales de la electr\u00f3nica. Actualmente, con pocas entradas.\r\n\r\nEsta web es apoyada por proyectos PAPIME y PIAPIME de la UNAM y de la FESC, por lo que agradecemos en gran medida dicho apoyo.\r\n\r\nC\u00f3mo comentario final, los alumnos que participan con los integrantes de este proyecto, han presentado ideas y prototipos en diferentes congresos, coloquios, concursos, entre otros foros acad\u00e9micos de car\u00e1cter local, nacional e incluso a nivel internacional; obteniendo buenos resultados en sus disertaciones, por lo que exhortamos al lector de esta web a integrarse a participar en ellos.\r\n\r\n<\/div>\r\n<!-- \/wp:post-content -->","protected":false},"excerpt":{"rendered":"<p>Introducci\u00f3n En las carreras de ingenier\u00eda y tecnolog\u00eda impartidas en a FES-C, se cuenta con estudiantes de gran capacidad intelectual y t\u00e9cnica, en ocasiones, lo \u00fanico que estos alumnos necesitan para poder desarrollar sus ideas, es que institucionalmente se les apoye y se les motive a llevarlas hac\u00eda adelante. Cuando estos alumnos son impulsados, logran &hellip; <\/p>\n<p class=\"link-more\"><a href=\"https:\/\/masam.cuautitlan.unam.mx\/dycme\/\" class=\"more-link\">Continuar leyendo<span class=\"screen-reader-text\"> &#8220;Facultad de Estudios Superiores Cuautitl\u00e1n&#8221;<\/span><\/a><\/p>\n","protected":false},"author":2,"featured_media":0,"parent":0,"menu_order":0,"comment_status":"closed","ping_status":"closed","template":"","meta":{"inline_featured_image":false,"footnotes":""},"class_list":["post-15","page","type-page","status-publish","hentry"],"_links":{"self":[{"href":"https:\/\/masam.cuautitlan.unam.mx\/dycme\/wp-json\/wp\/v2\/pages\/15","targetHints":{"allow":["GET"]}}],"collection":[{"href":"https:\/\/masam.cuautitlan.unam.mx\/dycme\/wp-json\/wp\/v2\/pages"}],"about":[{"href":"https:\/\/masam.cuautitlan.unam.mx\/dycme\/wp-json\/wp\/v2\/types\/page"}],"author":[{"embeddable":true,"href":"https:\/\/masam.cuautitlan.unam.mx\/dycme\/wp-json\/wp\/v2\/users\/2"}],"replies":[{"embeddable":true,"href":"https:\/\/masam.cuautitlan.unam.mx\/dycme\/wp-json\/wp\/v2\/comments?post=15"}],"version-history":[{"count":11,"href":"https:\/\/masam.cuautitlan.unam.mx\/dycme\/wp-json\/wp\/v2\/pages\/15\/revisions"}],"predecessor-version":[{"id":269,"href":"https:\/\/masam.cuautitlan.unam.mx\/dycme\/wp-json\/wp\/v2\/pages\/15\/revisions\/269"}],"wp:attachment":[{"href":"https:\/\/masam.cuautitlan.unam.mx\/dycme\/wp-json\/wp\/v2\/media?parent=15"}],"curies":[{"name":"wp","href":"https:\/\/api.w.org\/{rel}","templated":true}]}}