{"id":206,"date":"2024-10-08T01:06:47","date_gmt":"2024-10-08T01:06:47","guid":{"rendered":"https:\/\/masam.cuautitlan.unam.mx\/dycme\/smf\/?page_id=206"},"modified":"2025-06-02T02:34:46","modified_gmt":"2025-06-02T02:34:46","slug":"modulo-control-lime-3","status":"publish","type":"page","link":"https:\/\/masam.cuautitlan.unam.mx\/dycme\/smf\/modulo-control-lime-3\/","title":{"rendered":"Curso: Capacitaci\u00f3n en el uso de la banda transportadora flexible"},"content":{"rendered":"<p>Gracias al apoyo del programa PAPIME PE 104224 se pudo acceder a la banda flexible de manufactura ubicada en el LIME 3 de la Facultad de Estudios Superiores Cuautitl\u00e1n y con la ayuda de alumnos de servicio social y los t\u00e9cnicos acad\u00e9micos adscritos a la Facultad y en este proyecto, se pudo restaurar la banda, nivelarla, reparar los sensores, hacer ingenier\u00eda inversa, limpiar y acceder al tablero de control y adicionalmente poder obtener la se\u00f1ales de entrada y salida del PLC de la familia Logix, con lo cual ahora la banda es totalmente funcional y se ha utilizado para dar clases de laboratorio a los alumnos de las carreras de Ingenier\u00eda Industrial y de Ingenier\u00eda Mec\u00e1nica El\u00e9ctrica impartidas en la facultad; Adicionalmente se dio un curso especial para los profesores del \u00e1rea para que se pueda utilizar por todos ellos y tambi\u00e9n puedan dar pr\u00e1cticas para sus alumnos. En esta secci\u00f3n se muestra el curso y una tabla r\u00e1pida de las entradas y salidas del PLC ubicado en el tablero de control de esta banda flexible de manufactura.<\/p>\n","protected":false},"excerpt":{"rendered":"<p>Gracias al apoyo del programa PAPIME PE 104224 se pudo acceder a la banda flexible de manufactura ubicada en el LIME 3 de la Facultad de Estudios Superiores Cuautitl\u00e1n y con la ayuda de alumnos de servicio social y los t\u00e9cnicos acad\u00e9micos adscritos a la Facultad y en este proyecto, se pudo restaurar la banda, &hellip; <\/p>\n<p class=\"link-more\"><a href=\"https:\/\/masam.cuautitlan.unam.mx\/dycme\/smf\/modulo-control-lime-3\/\" class=\"more-link\">Continuar leyendo<span class=\"screen-reader-text\"> &#8220;Curso: Capacitaci\u00f3n en el uso de la banda transportadora flexible&#8221;<\/span><\/a><\/p>\n","protected":false},"author":9,"featured_media":0,"parent":0,"menu_order":0,"comment_status":"closed","ping_status":"closed","template":"","meta":{"inline_featured_image":false,"footnotes":""},"class_list":["post-206","page","type-page","status-publish","hentry"],"_links":{"self":[{"href":"https:\/\/masam.cuautitlan.unam.mx\/dycme\/smf\/wp-json\/wp\/v2\/pages\/206","targetHints":{"allow":["GET"]}}],"collection":[{"href":"https:\/\/masam.cuautitlan.unam.mx\/dycme\/smf\/wp-json\/wp\/v2\/pages"}],"about":[{"href":"https:\/\/masam.cuautitlan.unam.mx\/dycme\/smf\/wp-json\/wp\/v2\/types\/page"}],"author":[{"embeddable":true,"href":"https:\/\/masam.cuautitlan.unam.mx\/dycme\/smf\/wp-json\/wp\/v2\/users\/9"}],"replies":[{"embeddable":true,"href":"https:\/\/masam.cuautitlan.unam.mx\/dycme\/smf\/wp-json\/wp\/v2\/comments?post=206"}],"version-history":[{"count":6,"href":"https:\/\/masam.cuautitlan.unam.mx\/dycme\/smf\/wp-json\/wp\/v2\/pages\/206\/revisions"}],"predecessor-version":[{"id":235,"href":"https:\/\/masam.cuautitlan.unam.mx\/dycme\/smf\/wp-json\/wp\/v2\/pages\/206\/revisions\/235"}],"wp:attachment":[{"href":"https:\/\/masam.cuautitlan.unam.mx\/dycme\/smf\/wp-json\/wp\/v2\/media?parent=206"}],"curies":[{"name":"wp","href":"https:\/\/api.w.org\/{rel}","templated":true}]}}