{"id":147,"date":"2024-08-12T23:33:11","date_gmt":"2024-08-12T23:33:11","guid":{"rendered":"https:\/\/masam.cuautitlan.unam.mx\/dycme\/smf\/?page_id=147"},"modified":"2024-08-16T18:15:55","modified_gmt":"2024-08-16T18:15:55","slug":"componentes-y-funciones","status":"publish","type":"page","link":"https:\/\/masam.cuautitlan.unam.mx\/dycme\/smf\/componentes-y-funciones\/","title":{"rendered":"Ejemplos de Componentes y Funciones"},"content":{"rendered":"<p><strong>1.Control de M\u00e1quinas<\/strong><\/p>\n<p><strong>Control Num\u00e9rico Computarizado (CNC):<\/strong> Este sistema controla las m\u00e1quinas herramienta, permitiendo programar y ejecutar tareas de mecanizado con alta precisi\u00f3n.<\/p>\n<p><strong>Robots Industriales:<\/strong> Utilizados para tareas como la carga y descarga de piezas, ensamblaje, y manipulaci\u00f3n de materiales.<\/p>\n<p><strong>2. Control del Flujo de Materiales<\/strong><\/p>\n<ul>\n<li style=\"list-style-type: none\">\n<ul>\n<li><strong>Sistemas de Transporte Automatizados (AGVs):<\/strong> Transportan materiales y piezas entre las diferentes estaciones de trabajo. El sistema de control debe gestionar la ruta y la secuencia de movimientos de estos veh\u00edculos para evitar colisiones y asegurar la entrega puntual de materiales. Existen de tipos filoguiados, optoguiados, guiado a laser, mapeado 2D\/3D etc.<\/li>\n<li><strong>Sistemas de Almacenamiento y Recuperaci\u00f3n Autom\u00e1ticos (AS\/RS):<\/strong> Estos sistemas gestionan el almacenamiento temporal de materiales y productos semiacabados, recuper\u00e1ndolos cuando son necesarios para la producci\u00f3n. Algunos ejemplos de esto son los transelevadores, miniloads y FRS fast rotation storage.<\/li>\n<\/ul>\n<\/li>\n<\/ul>\n<p><strong>3. Control de Procesos<\/strong><\/p>\n<ul>\n<li><strong>Supervisi\u00f3n y Adquisici\u00f3n de Datos (SCADA):<\/strong> Supervisa el funcionamiento de las m\u00e1quinas, recoge datos en tiempo real, y permite la intervenci\u00f3n manual o autom\u00e1tica en caso de detectar fallos o desviaciones del proceso.<\/li>\n<\/ul>\n<p><img loading=\"lazy\" decoding=\"async\" class=\"alignnone wp-image-152 size-full\" src=\"https:\/\/masam.cuautitlan.unam.mx\/dycme\/smf\/wp-content\/uploads\/sites\/17\/2024\/08\/red-scada-basica.png\" alt=\"\" width=\"680\" height=\"371\" srcset=\"https:\/\/masam.cuautitlan.unam.mx\/dycme\/smf\/wp-content\/uploads\/sites\/17\/2024\/08\/red-scada-basica.png 680w, https:\/\/masam.cuautitlan.unam.mx\/dycme\/smf\/wp-content\/uploads\/sites\/17\/2024\/08\/red-scada-basica-300x164.png 300w\" sizes=\"auto, (max-width: 680px) 100vw, 680px\" \/><\/p>\n<ul>\n<li><strong>Control de Calidad en L\u00ednea:<\/strong> Involucra sistemas de visi\u00f3n artificial y sensores que monitorizan las caracter\u00edsticas del producto durante la fabricaci\u00f3n, permitiendo corregir defectos sin necesidad de inspecci\u00f3n posterior.<\/li>\n<\/ul>\n<p><strong>4.Control de comunicaci\u00f3n y Redes <\/strong><\/p>\n<ul>\n<li><strong>Redes Industriales (Fieldbus, Ethernet\/IP):<\/strong> Aseguran la comunicaci\u00f3n efectiva entre las diferentes m\u00e1quinas y sistemas del FMS. Una red confiable y de baja latencia es crucial para sincronizar operaciones en tiempo real.<\/li>\n<li><strong>Controladores L\u00f3gicos Programables (PLC):<\/strong> Estos dispositivos gestionan las se\u00f1ales de entrada y salida de los sensores y actuadores en el sistema, coordinando las operaciones de las m\u00e1quinas dentro del FMS.<\/li>\n<\/ul>\n","protected":false},"excerpt":{"rendered":"<p>1.Control de M\u00e1quinas Control Num\u00e9rico Computarizado (CNC): Este sistema controla las m\u00e1quinas herramienta, permitiendo programar y ejecutar tareas de mecanizado con alta precisi\u00f3n. Robots Industriales: Utilizados para tareas como la carga y descarga de piezas, ensamblaje, y manipulaci\u00f3n de materiales. 2. Control del Flujo de Materiales Sistemas de Transporte Automatizados (AGVs): Transportan materiales y piezas &hellip; <\/p>\n<p class=\"link-more\"><a href=\"https:\/\/masam.cuautitlan.unam.mx\/dycme\/smf\/componentes-y-funciones\/\" class=\"more-link\">Continuar leyendo<span class=\"screen-reader-text\"> &#8220;Ejemplos de Componentes y Funciones&#8221;<\/span><\/a><\/p>\n","protected":false},"author":9,"featured_media":0,"parent":0,"menu_order":0,"comment_status":"closed","ping_status":"closed","template":"","meta":{"inline_featured_image":false,"footnotes":""},"class_list":["post-147","page","type-page","status-publish","hentry"],"_links":{"self":[{"href":"https:\/\/masam.cuautitlan.unam.mx\/dycme\/smf\/wp-json\/wp\/v2\/pages\/147","targetHints":{"allow":["GET"]}}],"collection":[{"href":"https:\/\/masam.cuautitlan.unam.mx\/dycme\/smf\/wp-json\/wp\/v2\/pages"}],"about":[{"href":"https:\/\/masam.cuautitlan.unam.mx\/dycme\/smf\/wp-json\/wp\/v2\/types\/page"}],"author":[{"embeddable":true,"href":"https:\/\/masam.cuautitlan.unam.mx\/dycme\/smf\/wp-json\/wp\/v2\/users\/9"}],"replies":[{"embeddable":true,"href":"https:\/\/masam.cuautitlan.unam.mx\/dycme\/smf\/wp-json\/wp\/v2\/comments?post=147"}],"version-history":[{"count":4,"href":"https:\/\/masam.cuautitlan.unam.mx\/dycme\/smf\/wp-json\/wp\/v2\/pages\/147\/revisions"}],"predecessor-version":[{"id":170,"href":"https:\/\/masam.cuautitlan.unam.mx\/dycme\/smf\/wp-json\/wp\/v2\/pages\/147\/revisions\/170"}],"wp:attachment":[{"href":"https:\/\/masam.cuautitlan.unam.mx\/dycme\/smf\/wp-json\/wp\/v2\/media?parent=147"}],"curies":[{"name":"wp","href":"https:\/\/api.w.org\/{rel}","templated":true}]}}