{"id":584,"date":"2024-08-21T06:22:34","date_gmt":"2024-08-21T06:22:34","guid":{"rendered":"https:\/\/masam.cuautitlan.unam.mx\/dycme\/neh\/?page_id=584"},"modified":"2025-03-24T20:50:21","modified_gmt":"2025-03-24T20:50:21","slug":"ejercicios","status":"publish","type":"page","link":"https:\/\/masam.cuautitlan.unam.mx\/dycme\/neh\/ejercicios\/","title":{"rendered":"Ejercicios"},"content":{"rendered":"<p>Ejercicio 1.- Un gas a una temperatura constante ocupa un volumen de 900 cm\u00b3 a una presi\u00f3n de 760 mmHg, \u00bfcu\u00e1l ser\u00e1 su volumen si la presi\u00f3n recibida aumenta a 1500 mmHg?<\/p>\n<p>Ejercicio 2.- Un gas a una presi\u00f3n constante ocupa un volumen de 1.2 m\u00b3 a una<br \/>\ntemperatura de 70 \u00b0C, \u00bfcu\u00e1l ser\u00e1 su volumen si la temperatura aumenta a 120 \u00b0C?<\/p>\n<p>Ejercicio 3.- Un gas a un volumen constante tiene una presi\u00f3n de 900 mmHg a una temperatura de 300 \u00b0K, \u00bfcu\u00e1l ser\u00e1 su presi\u00f3n si la temperatura aumenta a 390 \u00b0K?<\/p>\n","protected":false},"excerpt":{"rendered":"<p>Ejercicio 1.- Un gas a una temperatura constante ocupa un volumen de 900 cm\u00b3 a una presi\u00f3n de 760 mmHg, \u00bfcu\u00e1l ser\u00e1 su volumen si la presi\u00f3n recibida aumenta a 1500 mmHg? Ejercicio 2.- Un gas a una presi\u00f3n constante ocupa un volumen de 1.2 m\u00b3 a una temperatura de 70 \u00b0C, \u00bfcu\u00e1l ser\u00e1 su &hellip; <\/p>\n<p class=\"link-more\"><a href=\"https:\/\/masam.cuautitlan.unam.mx\/dycme\/neh\/ejercicios\/\" class=\"more-link\">Continuar leyendo<span class=\"screen-reader-text\"> &#8220;Ejercicios&#8221;<\/span><\/a><\/p>\n","protected":false},"author":11,"featured_media":0,"parent":0,"menu_order":0,"comment_status":"closed","ping_status":"closed","template":"","meta":{"inline_featured_image":false,"footnotes":""},"class_list":["post-584","page","type-page","status-publish","hentry"],"_links":{"self":[{"href":"https:\/\/masam.cuautitlan.unam.mx\/dycme\/neh\/wp-json\/wp\/v2\/pages\/584","targetHints":{"allow":["GET"]}}],"collection":[{"href":"https:\/\/masam.cuautitlan.unam.mx\/dycme\/neh\/wp-json\/wp\/v2\/pages"}],"about":[{"href":"https:\/\/masam.cuautitlan.unam.mx\/dycme\/neh\/wp-json\/wp\/v2\/types\/page"}],"author":[{"embeddable":true,"href":"https:\/\/masam.cuautitlan.unam.mx\/dycme\/neh\/wp-json\/wp\/v2\/users\/11"}],"replies":[{"embeddable":true,"href":"https:\/\/masam.cuautitlan.unam.mx\/dycme\/neh\/wp-json\/wp\/v2\/comments?post=584"}],"version-history":[{"count":3,"href":"https:\/\/masam.cuautitlan.unam.mx\/dycme\/neh\/wp-json\/wp\/v2\/pages\/584\/revisions"}],"predecessor-version":[{"id":597,"href":"https:\/\/masam.cuautitlan.unam.mx\/dycme\/neh\/wp-json\/wp\/v2\/pages\/584\/revisions\/597"}],"wp:attachment":[{"href":"https:\/\/masam.cuautitlan.unam.mx\/dycme\/neh\/wp-json\/wp\/v2\/media?parent=584"}],"curies":[{"name":"wp","href":"https:\/\/api.w.org\/{rel}","templated":true}]}}