{"id":260,"date":"2024-04-13T19:22:40","date_gmt":"2024-04-13T19:22:40","guid":{"rendered":"https:\/\/masam.cuautitlan.unam.mx\/dycme\/neh\/?page_id=260"},"modified":"2024-05-09T22:02:57","modified_gmt":"2024-05-09T22:02:57","slug":"compresor-neumatico","status":"publish","type":"page","link":"https:\/\/masam.cuautitlan.unam.mx\/dycme\/neh\/compresor-neumatico\/","title":{"rendered":"Compresor neum\u00e1tico"},"content":{"rendered":"<p>Un compresor neum\u00e1tico es un dispositivo utilizado para comprimir aire u otros gases a alta presi\u00f3n, convirtiendo la energ\u00eda mec\u00e1nica en energ\u00eda potencial almacenada en forma de aire comprimido. Estos compresores son fundamentales en numerosas aplicaciones industriales, comerciales y dom\u00e9sticas donde se requiere aire comprimido para diversas operaciones.<\/p>\n<p><img loading=\"lazy\" decoding=\"async\" class=\"wp-image-377 aligncenter\" src=\"https:\/\/masam.cuautitlan.unam.mx\/dycme\/neh\/wp-content\/uploads\/sites\/16\/2024\/05\/3bd0675d-ad16-49a0-ad4c-d03d81d519b5-300x300.jpg\" alt=\"\" width=\"700\" height=\"700\" srcset=\"https:\/\/masam.cuautitlan.unam.mx\/dycme\/neh\/wp-content\/uploads\/sites\/16\/2024\/05\/3bd0675d-ad16-49a0-ad4c-d03d81d519b5-300x300.jpg 300w, https:\/\/masam.cuautitlan.unam.mx\/dycme\/neh\/wp-content\/uploads\/sites\/16\/2024\/05\/3bd0675d-ad16-49a0-ad4c-d03d81d519b5-150x150.jpg 150w, https:\/\/masam.cuautitlan.unam.mx\/dycme\/neh\/wp-content\/uploads\/sites\/16\/2024\/05\/3bd0675d-ad16-49a0-ad4c-d03d81d519b5-768x768.jpg 768w, https:\/\/masam.cuautitlan.unam.mx\/dycme\/neh\/wp-content\/uploads\/sites\/16\/2024\/05\/3bd0675d-ad16-49a0-ad4c-d03d81d519b5-100x100.jpg 100w, https:\/\/masam.cuautitlan.unam.mx\/dycme\/neh\/wp-content\/uploads\/sites\/16\/2024\/05\/3bd0675d-ad16-49a0-ad4c-d03d81d519b5.jpg 1024w\" sizes=\"auto, (max-width: 700px) 100vw, 700px\" \/><\/p>\n<p>Un compresor neum\u00e1tico funciona mediante un mecanismo que comprime el aire o el gas en una c\u00e1mara cerrada, aumentando as\u00ed su presi\u00f3n. Esto se logra mediante la reducci\u00f3n del volumen del aire a trav\u00e9s de pistones, rotores, tornillos o diafragmas, entre otros mecanismos.<\/p>\n<p>&nbsp;<\/p>\n<p>&nbsp;<\/p>\n","protected":false},"excerpt":{"rendered":"<p>Un compresor neum\u00e1tico es un dispositivo utilizado para comprimir aire u otros gases a alta presi\u00f3n, convirtiendo la energ\u00eda mec\u00e1nica en energ\u00eda potencial almacenada en forma de aire comprimido. Estos compresores son fundamentales en numerosas aplicaciones industriales, comerciales y dom\u00e9sticas donde se requiere aire comprimido para diversas operaciones. Un compresor neum\u00e1tico funciona mediante un mecanismo &hellip; <\/p>\n<p class=\"link-more\"><a href=\"https:\/\/masam.cuautitlan.unam.mx\/dycme\/neh\/compresor-neumatico\/\" class=\"more-link\">Continuar leyendo<span class=\"screen-reader-text\"> &#8220;Compresor neum\u00e1tico&#8221;<\/span><\/a><\/p>\n","protected":false},"author":11,"featured_media":0,"parent":0,"menu_order":0,"comment_status":"closed","ping_status":"closed","template":"","meta":{"inline_featured_image":false,"footnotes":""},"class_list":["post-260","page","type-page","status-publish","hentry"],"_links":{"self":[{"href":"https:\/\/masam.cuautitlan.unam.mx\/dycme\/neh\/wp-json\/wp\/v2\/pages\/260","targetHints":{"allow":["GET"]}}],"collection":[{"href":"https:\/\/masam.cuautitlan.unam.mx\/dycme\/neh\/wp-json\/wp\/v2\/pages"}],"about":[{"href":"https:\/\/masam.cuautitlan.unam.mx\/dycme\/neh\/wp-json\/wp\/v2\/types\/page"}],"author":[{"embeddable":true,"href":"https:\/\/masam.cuautitlan.unam.mx\/dycme\/neh\/wp-json\/wp\/v2\/users\/11"}],"replies":[{"embeddable":true,"href":"https:\/\/masam.cuautitlan.unam.mx\/dycme\/neh\/wp-json\/wp\/v2\/comments?post=260"}],"version-history":[{"count":4,"href":"https:\/\/masam.cuautitlan.unam.mx\/dycme\/neh\/wp-json\/wp\/v2\/pages\/260\/revisions"}],"predecessor-version":[{"id":380,"href":"https:\/\/masam.cuautitlan.unam.mx\/dycme\/neh\/wp-json\/wp\/v2\/pages\/260\/revisions\/380"}],"wp:attachment":[{"href":"https:\/\/masam.cuautitlan.unam.mx\/dycme\/neh\/wp-json\/wp\/v2\/media?parent=260"}],"curies":[{"name":"wp","href":"https:\/\/api.w.org\/{rel}","templated":true}]}}