{"id":56,"date":"2021-08-04T19:11:59","date_gmt":"2021-08-04T19:11:59","guid":{"rendered":"https:\/\/masam.cuautitlan.unam.mx\/dycme\/dsf\/?page_id=56"},"modified":"2025-08-11T23:36:27","modified_gmt":"2025-08-11T23:36:27","slug":"conceptos-basicos","status":"publish","type":"page","link":"https:\/\/masam.cuautitlan.unam.mx\/dycme\/dsf\/conceptos-basicos\/","title":{"rendered":"Conceptos b\u00e1sicos."},"content":{"rendered":"<h1><strong>Din\u00e1mica de sistemas f\u00edsicos.\u00a0 <\/strong><\/h1>\n<h2><strong><em>\u00bfPara qu\u00e9 sirve?<\/em><\/strong><\/h2>\n<p>El objetivo de estudiar la din\u00e1mica de los sistemas f\u00edsicos es entender como se comporta un sistema a lo largo del tiempo, con sistema se refiere a cualquier conjunto de elementos que en conjunto cooperen para realizar un trabajo u objetivo en com\u00fan, esto se muestra en muchos elementos del mundo, desde un sistema de energ\u00eda el\u00e9ctrica, neum\u00e1tica, el sistema de amortiguamiento de un veh\u00edculo, el sistema econ\u00f3mico de un pa\u00eds, el sistema respiratorio, etc. El estudio puede ser de cualquier sistema deseado. Esta materia se enfoca en sistemas ocupados en la ingenier\u00eda y el comportamiento de estos sistemas es modelado matem\u00e1ticamente para analizar la respuesta que se obtendr\u00e1 f\u00edsicamente o a diferentes condiciones a lo largo del tiempo, el estudio se puede simular en software o comprobar bajo experimentaci\u00f3n en el mundo real.<\/p>\n<p>En esta secci\u00f3n se dan los conceptos b\u00e1sicos para entender mejor la din\u00e1mica de los sistemas f\u00edsicos, cada concepto est\u00e1 desglosado en el men\u00fa y sirve para un mejor entendimiento de lo explicado en este sitio web.<\/p>\n","protected":false},"excerpt":{"rendered":"<p>Din\u00e1mica de sistemas f\u00edsicos.\u00a0 \u00bfPara qu\u00e9 sirve? El objetivo de estudiar la din\u00e1mica de los sistemas f\u00edsicos es entender como se comporta un sistema a lo largo del tiempo, con sistema se refiere a cualquier conjunto de elementos que en conjunto cooperen para realizar un trabajo u objetivo en com\u00fan, esto se muestra en muchos &hellip; <\/p>\n<p class=\"link-more\"><a href=\"https:\/\/masam.cuautitlan.unam.mx\/dycme\/dsf\/conceptos-basicos\/\" class=\"more-link\">Continuar leyendo<span class=\"screen-reader-text\"> &#8220;Conceptos b\u00e1sicos.&#8221;<\/span><\/a><\/p>\n","protected":false},"author":2,"featured_media":0,"parent":0,"menu_order":0,"comment_status":"closed","ping_status":"closed","template":"","meta":{"inline_featured_image":false,"footnotes":""},"class_list":["post-56","page","type-page","status-publish","hentry"],"_links":{"self":[{"href":"https:\/\/masam.cuautitlan.unam.mx\/dycme\/dsf\/wp-json\/wp\/v2\/pages\/56","targetHints":{"allow":["GET"]}}],"collection":[{"href":"https:\/\/masam.cuautitlan.unam.mx\/dycme\/dsf\/wp-json\/wp\/v2\/pages"}],"about":[{"href":"https:\/\/masam.cuautitlan.unam.mx\/dycme\/dsf\/wp-json\/wp\/v2\/types\/page"}],"author":[{"embeddable":true,"href":"https:\/\/masam.cuautitlan.unam.mx\/dycme\/dsf\/wp-json\/wp\/v2\/users\/2"}],"replies":[{"embeddable":true,"href":"https:\/\/masam.cuautitlan.unam.mx\/dycme\/dsf\/wp-json\/wp\/v2\/comments?post=56"}],"version-history":[{"count":11,"href":"https:\/\/masam.cuautitlan.unam.mx\/dycme\/dsf\/wp-json\/wp\/v2\/pages\/56\/revisions"}],"predecessor-version":[{"id":240,"href":"https:\/\/masam.cuautitlan.unam.mx\/dycme\/dsf\/wp-json\/wp\/v2\/pages\/56\/revisions\/240"}],"wp:attachment":[{"href":"https:\/\/masam.cuautitlan.unam.mx\/dycme\/dsf\/wp-json\/wp\/v2\/media?parent=56"}],"curies":[{"name":"wp","href":"https:\/\/api.w.org\/{rel}","templated":true}]}}