{"id":349,"date":"2022-06-22T17:13:23","date_gmt":"2022-06-22T17:13:23","guid":{"rendered":"https:\/\/masam.cuautitlan.unam.mx\/dycme\/ce\/?page_id=349"},"modified":"2025-03-24T21:16:25","modified_gmt":"2025-03-24T21:16:25","slug":"practica-9","status":"publish","type":"page","link":"https:\/\/masam.cuautitlan.unam.mx\/dycme\/ce\/practica-9\/","title":{"rendered":"Pr\u00e1ctica 9: Automatizaci\u00f3n de una cisterna con PLC"},"content":{"rendered":"<h1><span style=\"color: #008000;\">Pr\u00e1ctica 9 Sistemas electromec\u00e1nicos controlados por PLC.<\/span><\/h1>\n<p><strong>Cisterna<\/strong><\/p>\n<p>Actividades previas<\/p>\n<ul>\n<li>Realizar un an\u00e1lisis previo, con sus respectivas simulaciones de la funci\u00f3n de una cisterna y un tinaco.<\/li>\n<\/ul>\n<p>Objetivos<\/p>\n<ul>\n<li>Poder observar el uso en un problema de la vida real.<\/li>\n<\/ul>\n<p>Introducci\u00f3n<\/p>\n<p>Poder realizar un sistema en el cual con sensores dentro de una cisterna, y un tinaco nos puedan ayudar para tener un sistema de control, en el cual se activen dos bombas, una que alimente a la cisterna, mientras que otro alimente al tinaco de la cisterna.<\/p>\n<p>Equipo<\/p>\n<p>Materiales<\/p>\n<p>Desarrollo<\/p>\n<h2>Automatizaci\u00f3n por Contadores<\/h2>\n<p>Conclusiones<\/p>\n<p>Bibliograf\u00eda<\/p>\n<p>&nbsp;<\/p>\n","protected":false},"excerpt":{"rendered":"<p>Pr\u00e1ctica 9 Sistemas electromec\u00e1nicos controlados por PLC. Cisterna Actividades previas Realizar un an\u00e1lisis previo, con sus respectivas simulaciones de la funci\u00f3n de una cisterna y un tinaco. Objetivos Poder observar el uso en un problema de la vida real. Introducci\u00f3n Poder realizar un sistema en el cual con sensores dentro de una cisterna, y un &hellip; <\/p>\n<p class=\"link-more\"><a href=\"https:\/\/masam.cuautitlan.unam.mx\/dycme\/ce\/practica-9\/\" class=\"more-link\">Continuar leyendo<span class=\"screen-reader-text\"> &#8220;Pr\u00e1ctica 9: Automatizaci\u00f3n de una cisterna con PLC&#8221;<\/span><\/a><\/p>\n","protected":false},"author":7,"featured_media":0,"parent":0,"menu_order":0,"comment_status":"closed","ping_status":"closed","template":"","meta":{"inline_featured_image":false,"footnotes":""},"class_list":["post-349","page","type-page","status-publish","hentry"],"_links":{"self":[{"href":"https:\/\/masam.cuautitlan.unam.mx\/dycme\/ce\/wp-json\/wp\/v2\/pages\/349","targetHints":{"allow":["GET"]}}],"collection":[{"href":"https:\/\/masam.cuautitlan.unam.mx\/dycme\/ce\/wp-json\/wp\/v2\/pages"}],"about":[{"href":"https:\/\/masam.cuautitlan.unam.mx\/dycme\/ce\/wp-json\/wp\/v2\/types\/page"}],"author":[{"embeddable":true,"href":"https:\/\/masam.cuautitlan.unam.mx\/dycme\/ce\/wp-json\/wp\/v2\/users\/7"}],"replies":[{"embeddable":true,"href":"https:\/\/masam.cuautitlan.unam.mx\/dycme\/ce\/wp-json\/wp\/v2\/comments?post=349"}],"version-history":[{"count":4,"href":"https:\/\/masam.cuautitlan.unam.mx\/dycme\/ce\/wp-json\/wp\/v2\/pages\/349\/revisions"}],"predecessor-version":[{"id":2245,"href":"https:\/\/masam.cuautitlan.unam.mx\/dycme\/ce\/wp-json\/wp\/v2\/pages\/349\/revisions\/2245"}],"wp:attachment":[{"href":"https:\/\/masam.cuautitlan.unam.mx\/dycme\/ce\/wp-json\/wp\/v2\/media?parent=349"}],"curies":[{"name":"wp","href":"https:\/\/api.w.org\/{rel}","templated":true}]}}