{"id":346,"date":"2022-06-22T17:09:39","date_gmt":"2022-06-22T17:09:39","guid":{"rendered":"https:\/\/masam.cuautitlan.unam.mx\/dycme\/ce\/?page_id=346"},"modified":"2025-03-24T21:11:09","modified_gmt":"2025-03-24T21:11:09","slug":"practica-8","status":"publish","type":"page","link":"https:\/\/masam.cuautitlan.unam.mx\/dycme\/ce\/practica-8\/","title":{"rendered":"Pr\u00e1ctica 8: Sem\u00e1foro en PLC"},"content":{"rendered":"<hr \/>\n<h1 style=\"text-align: center;\"><strong><span style=\"color: #008080;\">PR\u00c1CTICA 8: <\/span><\/strong><strong style=\"font-size: 1.5rem;\"><span style=\"color: #008080;\">SEM\u00c1FORO CON PLC.<\/span><\/strong><\/h1>\n<hr \/>\n<p><strong>Introducci\u00f3n:<\/strong><\/p>\n<p>PLC Logo:<\/p>\n<p>Estos dispositivos electr\u00f3nicos nos ayudan a solucionar los controles de circuitos complejos para hacerlos m\u00e1s sencillos y lograr la automatizaci\u00f3n de los sistemas.<\/p>\n<p>Para que este dispositivo trabaje es necesario que reciba una se\u00f1al esto puede ser por medio de sensores que act\u00faan sobre las salidas del dispositivo est\u00e1 recibir\u00e1 una se\u00f1al de entrada y el programa podr\u00e1 convertir a una se\u00f1al de salida<\/p>\n<p>Los aut\u00f3matas llegaron para simplificar los circuitos el\u00e9ctricos como las instalaciones el\u00e9ctricas, las subestaciones y la industria en general ya que con este tipo de dispositivos se pueden controlar puertas, motores entre otros sistemas.<\/p>\n<p>Este dispositivo tiene la capacidad de controlar varias salidas mediante la programaci\u00f3n de las entradas.<\/p>\n<p>Las salidas se pueden conocer como bobinas contactores y las entradas pueden ser interruptores, pulsadores, temporizadores, sensores o cualquier elemento que se pueda encontrar en un esquema el\u00e9ctrico.<\/p>\n<p>Este dispositivo puede funcionar para la dom\u00f3tica, alumbrado p\u00fablico, la automatizaci\u00f3n de las industrias y el mejor aprovechamiento de la energ\u00eda en las subestaciones con un correcto uso y manejo.<\/p>\n<p>Este tipo de dispositivos se utilizan mucho en lugares donde es necesario un control bastante preciso como en los invernaderos.<\/p>\n<p>Para trabajar en un programa podemos realizar diagramas un la PC mediante un software donde podemos simular. Este dispositivo puede conectarse a trav\u00e9s de Ethernet o con un cable especial<\/p>\n<p><strong>Objetivos:<\/strong><\/p>\n<ul>\n<li>Aprender y manipular un PLC<\/li>\n<li>Comprender los diagramas de escalera<\/li>\n<\/ul>\n<p><strong>Actividades previas:<\/strong><\/p>\n<p>Conocer los elementos que conforman a un diagrama de flujo<\/p>\n<p>Realizar un diagrama de flujo para una cisterna<\/p>\n<p><img loading=\"lazy\" decoding=\"async\" width=\"882\" height=\"736\" class=\"wp-image-2130\" src=\"https:\/\/masam.cuautitlan.unam.mx\/dycme\/ce\/wp-content\/uploads\/sites\/14\/2023\/04\/partes-logo-de-siemens.jpeg\" alt=\"partes logo de siemens\" srcset=\"https:\/\/masam.cuautitlan.unam.mx\/dycme\/ce\/wp-content\/uploads\/sites\/14\/2023\/04\/partes-logo-de-siemens.jpeg 882w, https:\/\/masam.cuautitlan.unam.mx\/dycme\/ce\/wp-content\/uploads\/sites\/14\/2023\/04\/partes-logo-de-siemens-300x250.jpeg 300w, https:\/\/masam.cuautitlan.unam.mx\/dycme\/ce\/wp-content\/uploads\/sites\/14\/2023\/04\/partes-logo-de-siemens-768x641.jpeg 768w\" sizes=\"auto, (max-width: 767px) 89vw, (max-width: 1000px) 54vw, (max-width: 1071px) 543px, 580px\" \/><\/p>\n<p><strong>Desarrollo:<\/strong><\/p>\n<p>El PLC a logrado la automatizaci\u00f3n en la industria y en general.<\/p>\n<p>La automatizaci\u00f3n nos a ayudado a simplificar los circuitos y manejarlos no solo de una manera mas segura para el operador, practica y eficiente, ahorrando en material, tiempo y calidad.<\/p>\n<p>En la pr\u00e1ctica se realizaron dos diagramas uno de fuerza representando al motor y otro de control donde se encuentra los pulsadores y bobinas.<\/p>\n<p>En la primera parte realizamos un enclavamiento donde se conect\u00f3 la l\u00ednea con un bot\u00f3n de paro, arranque, un contactor y los contactos auxiliares del contactor para realizar el enclavamiento, posteriormente conectamos el motor en estrella.<\/p>\n<p>Con esta l\u00f3gica proseguimos a trabajar en el software logosoft donde realizamos el siguiente diagrama:<\/p>\n<p>Como se observa en la imagen para poder realizar esta simulaci\u00f3n fue necesario conocer las reglas para realizar un correcto diagrama de escaleras<\/p>\n<p><img loading=\"lazy\" decoding=\"async\" width=\"1920\" height=\"1080\" class=\"wp-image-2131\" src=\"https:\/\/masam.cuautitlan.unam.mx\/dycme\/ce\/wp-content\/uploads\/sites\/14\/2023\/04\/una-captura-de-pantalla-de-una-computadora-descri.png\" alt=\"Una captura de pantalla de una computadora Descripci\u00f3n generada autom\u00e1ticamente\" srcset=\"https:\/\/masam.cuautitlan.unam.mx\/dycme\/ce\/wp-content\/uploads\/sites\/14\/2023\/04\/una-captura-de-pantalla-de-una-computadora-descri.png 1920w, https:\/\/masam.cuautitlan.unam.mx\/dycme\/ce\/wp-content\/uploads\/sites\/14\/2023\/04\/una-captura-de-pantalla-de-una-computadora-descri-300x169.png 300w, https:\/\/masam.cuautitlan.unam.mx\/dycme\/ce\/wp-content\/uploads\/sites\/14\/2023\/04\/una-captura-de-pantalla-de-una-computadora-descri-1024x576.png 1024w, https:\/\/masam.cuautitlan.unam.mx\/dycme\/ce\/wp-content\/uploads\/sites\/14\/2023\/04\/una-captura-de-pantalla-de-una-computadora-descri-768x432.png 768w, https:\/\/masam.cuautitlan.unam.mx\/dycme\/ce\/wp-content\/uploads\/sites\/14\/2023\/04\/una-captura-de-pantalla-de-una-computadora-descri-1536x864.png 1536w\" sizes=\"auto, (max-width: 767px) 89vw, (max-width: 1000px) 54vw, (max-width: 1071px) 543px, 580px\" \/><\/p>\n<p>1.-Todas las entradas al sistema entran en el lado izquierdo y las salidas en el lado derecho<\/p>\n<p>2.- Cada a pelda\u00f1o de nuestra escalera debe terminar con una salida<\/p>\n<p>3.-No se pueden conectar bobinas en paralelo<\/p>\n<p>4.- Todo el diagrama que dibujemos es en estado des energizado<\/p>\n<p>5.-De izquierda a derecha y de arriba para abajo<\/p>\n<p>6.- Vincular las bobinas de entrada y salida.<\/p>\n<p><strong>Procedimiento.<\/strong><\/p>\n<ol>\n<li><img loading=\"lazy\" decoding=\"async\" width=\"1350\" height=\"759\" class=\"wp-image-2132\" src=\"https:\/\/masam.cuautitlan.unam.mx\/dycme\/ce\/wp-content\/uploads\/sites\/14\/2023\/04\/interfaz-de-usuario-grafica-texto-descripcion-ge.png\" alt=\"Interfaz de usuario gr\u00e1fica, Texto Descripci\u00f3n generada autom\u00e1ticamente\" srcset=\"https:\/\/masam.cuautitlan.unam.mx\/dycme\/ce\/wp-content\/uploads\/sites\/14\/2023\/04\/interfaz-de-usuario-grafica-texto-descripcion-ge.png 1350w, https:\/\/masam.cuautitlan.unam.mx\/dycme\/ce\/wp-content\/uploads\/sites\/14\/2023\/04\/interfaz-de-usuario-grafica-texto-descripcion-ge-300x169.png 300w, https:\/\/masam.cuautitlan.unam.mx\/dycme\/ce\/wp-content\/uploads\/sites\/14\/2023\/04\/interfaz-de-usuario-grafica-texto-descripcion-ge-1024x576.png 1024w, https:\/\/masam.cuautitlan.unam.mx\/dycme\/ce\/wp-content\/uploads\/sites\/14\/2023\/04\/interfaz-de-usuario-grafica-texto-descripcion-ge-768x432.png 768w\" sizes=\"auto, (max-width: 767px) 89vw, (max-width: 1000px) 54vw, (max-width: 1071px) 543px, 580px\" \/> Para realizar el diagrama en logosoft es necesario convertirlo a un diagrama de escalera<\/li>\n<li>Tomamos en cuenta la regla numero cuatro para el bot\u00f3n de paro y que este al estar cerrado no estuviera energizado por lo que proseguimos y conectamos de forma abierta.<\/li>\n<\/ol>\n<p><img loading=\"lazy\" decoding=\"async\" width=\"1920\" height=\"1080\" class=\"wp-image-2133\" src=\"https:\/\/masam.cuautitlan.unam.mx\/dycme\/ce\/wp-content\/uploads\/sites\/14\/2023\/04\/interfaz-de-usuario-grafica-texto-correo-electro.png\" alt=\"Interfaz de usuario gr\u00e1fica, Texto, Correo electr\u00f3nico Descripci\u00f3n generada autom\u00e1ticamente\" srcset=\"https:\/\/masam.cuautitlan.unam.mx\/dycme\/ce\/wp-content\/uploads\/sites\/14\/2023\/04\/interfaz-de-usuario-grafica-texto-correo-electro.png 1920w, https:\/\/masam.cuautitlan.unam.mx\/dycme\/ce\/wp-content\/uploads\/sites\/14\/2023\/04\/interfaz-de-usuario-grafica-texto-correo-electro-300x169.png 300w, https:\/\/masam.cuautitlan.unam.mx\/dycme\/ce\/wp-content\/uploads\/sites\/14\/2023\/04\/interfaz-de-usuario-grafica-texto-correo-electro-1024x576.png 1024w, https:\/\/masam.cuautitlan.unam.mx\/dycme\/ce\/wp-content\/uploads\/sites\/14\/2023\/04\/interfaz-de-usuario-grafica-texto-correo-electro-768x432.png 768w, https:\/\/masam.cuautitlan.unam.mx\/dycme\/ce\/wp-content\/uploads\/sites\/14\/2023\/04\/interfaz-de-usuario-grafica-texto-correo-electro-1536x864.png 1536w\" sizes=\"auto, (max-width: 767px) 89vw, (max-width: 1000px) 54vw, (max-width: 1071px) 543px, 580px\" \/><\/p>\n<ol>\n<li>A partir de aqu\u00ed tomamos en consideraci\u00f3n dos cosas, las bobinas virtuales no se colocaban del lado del Timer<\/li>\n<\/ol>\n<p><img loading=\"lazy\" decoding=\"async\" width=\"1920\" height=\"1080\" class=\"wp-image-2134\" src=\"https:\/\/masam.cuautitlan.unam.mx\/dycme\/ce\/wp-content\/uploads\/sites\/14\/2023\/04\/interfaz-de-usuario-grafica-texto-descripcion-ge-1.png\" alt=\"Interfaz de usuario gr\u00e1fica, Texto Descripci\u00f3n generada autom\u00e1ticamente\" srcset=\"https:\/\/masam.cuautitlan.unam.mx\/dycme\/ce\/wp-content\/uploads\/sites\/14\/2023\/04\/interfaz-de-usuario-grafica-texto-descripcion-ge-1.png 1920w, https:\/\/masam.cuautitlan.unam.mx\/dycme\/ce\/wp-content\/uploads\/sites\/14\/2023\/04\/interfaz-de-usuario-grafica-texto-descripcion-ge-1-300x169.png 300w, https:\/\/masam.cuautitlan.unam.mx\/dycme\/ce\/wp-content\/uploads\/sites\/14\/2023\/04\/interfaz-de-usuario-grafica-texto-descripcion-ge-1-1024x576.png 1024w, https:\/\/masam.cuautitlan.unam.mx\/dycme\/ce\/wp-content\/uploads\/sites\/14\/2023\/04\/interfaz-de-usuario-grafica-texto-descripcion-ge-1-768x432.png 768w, https:\/\/masam.cuautitlan.unam.mx\/dycme\/ce\/wp-content\/uploads\/sites\/14\/2023\/04\/interfaz-de-usuario-grafica-texto-descripcion-ge-1-1536x864.png 1536w\" sizes=\"auto, (max-width: 767px) 89vw, (max-width: 1000px) 54vw, (max-width: 1071px) 543px, 580px\" \/><\/p>\n<ol>\n<li>Se colocaba una conexi\u00f3n auxiliar del Timer y luego la bobina virtual<\/li>\n<li>Despu\u00e9s conectamos contactos normalmente abiertos o cerrados seg\u00fan lo pidiera el diagrama<\/li>\n<li><img loading=\"lazy\" decoding=\"async\" width=\"1350\" height=\"759\" class=\"wp-image-2135\" src=\"https:\/\/masam.cuautitlan.unam.mx\/dycme\/ce\/wp-content\/uploads\/sites\/14\/2023\/04\/captura-de-pantalla-de-computadora-descripcion-ge.png\" alt=\"Captura de pantalla de computadora Descripci\u00f3n generada autom\u00e1ticamente\" srcset=\"https:\/\/masam.cuautitlan.unam.mx\/dycme\/ce\/wp-content\/uploads\/sites\/14\/2023\/04\/captura-de-pantalla-de-computadora-descripcion-ge.png 1350w, https:\/\/masam.cuautitlan.unam.mx\/dycme\/ce\/wp-content\/uploads\/sites\/14\/2023\/04\/captura-de-pantalla-de-computadora-descripcion-ge-300x169.png 300w, https:\/\/masam.cuautitlan.unam.mx\/dycme\/ce\/wp-content\/uploads\/sites\/14\/2023\/04\/captura-de-pantalla-de-computadora-descripcion-ge-1024x576.png 1024w, https:\/\/masam.cuautitlan.unam.mx\/dycme\/ce\/wp-content\/uploads\/sites\/14\/2023\/04\/captura-de-pantalla-de-computadora-descripcion-ge-768x432.png 768w\" sizes=\"auto, (max-width: 767px) 89vw, (max-width: 1000px) 54vw, (max-width: 1071px) 543px, 580px\" \/> Al finalizar las salidas seran f\u00edsicas por lo que cambiamos la M1 por Q1<\/li>\n<li>Cargado y simulado el programa conectamos el logo siemens a la computadora, tambi\u00e9n puede hacerse mediante ethernet<\/li>\n<\/ol>\n<p><img loading=\"lazy\" decoding=\"async\" width=\"1920\" height=\"1080\" class=\"wp-image-2136\" src=\"https:\/\/masam.cuautitlan.unam.mx\/dycme\/ce\/wp-content\/uploads\/sites\/14\/2023\/04\/interfaz-de-usuario-grafica-aplicacion-descripci.png\" alt=\"Interfaz de usuario gr\u00e1fica, Aplicaci\u00f3n Descripci\u00f3n generada autom\u00e1ticamente\" srcset=\"https:\/\/masam.cuautitlan.unam.mx\/dycme\/ce\/wp-content\/uploads\/sites\/14\/2023\/04\/interfaz-de-usuario-grafica-aplicacion-descripci.png 1920w, https:\/\/masam.cuautitlan.unam.mx\/dycme\/ce\/wp-content\/uploads\/sites\/14\/2023\/04\/interfaz-de-usuario-grafica-aplicacion-descripci-300x169.png 300w, https:\/\/masam.cuautitlan.unam.mx\/dycme\/ce\/wp-content\/uploads\/sites\/14\/2023\/04\/interfaz-de-usuario-grafica-aplicacion-descripci-1024x576.png 1024w, https:\/\/masam.cuautitlan.unam.mx\/dycme\/ce\/wp-content\/uploads\/sites\/14\/2023\/04\/interfaz-de-usuario-grafica-aplicacion-descripci-768x432.png 768w, https:\/\/masam.cuautitlan.unam.mx\/dycme\/ce\/wp-content\/uploads\/sites\/14\/2023\/04\/interfaz-de-usuario-grafica-aplicacion-descripci-1536x864.png 1536w\" sizes=\"auto, (max-width: 767px) 89vw, (max-width: 1000px) 54vw, (max-width: 1071px) 543px, 580px\" \/><\/p>\n<ol>\n<li>Lo \u00fanico f\u00edsico que se realiz\u00f3 en el tablero de conexiones fue la salida del logo siemens a los focos, botones y motor.<\/li>\n<li>La salida de Q1, Q2, etc. Son salidas donde en necesario la entrada de fase y neutro a partir del neutro se conectan los focos<\/li>\n<li>En I1 e I2 son nuestras entradas para energizar el sistema, las utilizamos sustituyendo el BP y BA<\/li>\n<\/ol>\n<p><img loading=\"lazy\" decoding=\"async\" width=\"1920\" height=\"1080\" class=\"wp-image-2137\" src=\"https:\/\/masam.cuautitlan.unam.mx\/dycme\/ce\/wp-content\/uploads\/sites\/14\/2023\/04\/pantalla-de-computadora-encendida-descripcion-gen.png\" alt=\"Pantalla de computadora encendida Descripci\u00f3n generada autom\u00e1ticamente\" srcset=\"https:\/\/masam.cuautitlan.unam.mx\/dycme\/ce\/wp-content\/uploads\/sites\/14\/2023\/04\/pantalla-de-computadora-encendida-descripcion-gen.png 1920w, https:\/\/masam.cuautitlan.unam.mx\/dycme\/ce\/wp-content\/uploads\/sites\/14\/2023\/04\/pantalla-de-computadora-encendida-descripcion-gen-300x169.png 300w, https:\/\/masam.cuautitlan.unam.mx\/dycme\/ce\/wp-content\/uploads\/sites\/14\/2023\/04\/pantalla-de-computadora-encendida-descripcion-gen-1024x576.png 1024w, https:\/\/masam.cuautitlan.unam.mx\/dycme\/ce\/wp-content\/uploads\/sites\/14\/2023\/04\/pantalla-de-computadora-encendida-descripcion-gen-768x432.png 768w, https:\/\/masam.cuautitlan.unam.mx\/dycme\/ce\/wp-content\/uploads\/sites\/14\/2023\/04\/pantalla-de-computadora-encendida-descripcion-gen-1536x864.png 1536w\" sizes=\"auto, (max-width: 767px) 89vw, (max-width: 1000px) 54vw, (max-width: 1071px) 543px, 580px\" \/><\/p>\n<p><strong>Conclusiones:<\/strong><\/p>\n<p>En esta secci\u00f3n el alumno debe escribir la conclusi\u00f3n de lo visto en la pr\u00e1ctica de laboratorio junto con lo aprendido en la investigaci\u00f3n previa para realizar la misma.<\/p>\n<p><strong>Prueba de conocimientos:<\/strong><\/p>\n<p>1.-\u00bfQue es una bobina de memoria?<\/p>\n<p>2.-\u00bfPara que sirve el PLC?<\/p>\n<p>3.-\u00bfPorque al iniciar un diagrama ladder la entrada siempre esta abierta?<\/p>\n<p><strong>Bibliograf\u00eda:<\/strong><\/p>\n<p>Inserte\u00a0 los autores, libros, p\u00e1ginas o lugar donde encontr\u00f3 informaci\u00f3n para realizar su reporte de la pr\u00e1ctica.<\/p>\n<p>&nbsp;<\/p>\n<p>&nbsp;<\/p>\n","protected":false},"excerpt":{"rendered":"<p>PR\u00c1CTICA 8: SEM\u00c1FORO CON PLC. Introducci\u00f3n: PLC Logo: Estos dispositivos electr\u00f3nicos nos ayudan a solucionar los controles de circuitos complejos para hacerlos m\u00e1s sencillos y lograr la automatizaci\u00f3n de los sistemas. Para que este dispositivo trabaje es necesario que reciba una se\u00f1al esto puede ser por medio de sensores que act\u00faan sobre las salidas del &hellip; <\/p>\n<p class=\"link-more\"><a href=\"https:\/\/masam.cuautitlan.unam.mx\/dycme\/ce\/practica-8\/\" class=\"more-link\">Continuar leyendo<span class=\"screen-reader-text\"> &#8220;Pr\u00e1ctica 8: Sem\u00e1foro en PLC&#8221;<\/span><\/a><\/p>\n","protected":false},"author":7,"featured_media":0,"parent":0,"menu_order":0,"comment_status":"closed","ping_status":"closed","template":"","meta":{"inline_featured_image":false,"footnotes":""},"class_list":["post-346","page","type-page","status-publish","hentry"],"_links":{"self":[{"href":"https:\/\/masam.cuautitlan.unam.mx\/dycme\/ce\/wp-json\/wp\/v2\/pages\/346","targetHints":{"allow":["GET"]}}],"collection":[{"href":"https:\/\/masam.cuautitlan.unam.mx\/dycme\/ce\/wp-json\/wp\/v2\/pages"}],"about":[{"href":"https:\/\/masam.cuautitlan.unam.mx\/dycme\/ce\/wp-json\/wp\/v2\/types\/page"}],"author":[{"embeddable":true,"href":"https:\/\/masam.cuautitlan.unam.mx\/dycme\/ce\/wp-json\/wp\/v2\/users\/7"}],"replies":[{"embeddable":true,"href":"https:\/\/masam.cuautitlan.unam.mx\/dycme\/ce\/wp-json\/wp\/v2\/comments?post=346"}],"version-history":[{"count":7,"href":"https:\/\/masam.cuautitlan.unam.mx\/dycme\/ce\/wp-json\/wp\/v2\/pages\/346\/revisions"}],"predecessor-version":[{"id":2243,"href":"https:\/\/masam.cuautitlan.unam.mx\/dycme\/ce\/wp-json\/wp\/v2\/pages\/346\/revisions\/2243"}],"wp:attachment":[{"href":"https:\/\/masam.cuautitlan.unam.mx\/dycme\/ce\/wp-json\/wp\/v2\/media?parent=346"}],"curies":[{"name":"wp","href":"https:\/\/api.w.org\/{rel}","templated":true}]}}