{"id":337,"date":"2022-06-22T17:07:55","date_gmt":"2022-06-22T17:07:55","guid":{"rendered":"https:\/\/masam.cuautitlan.unam.mx\/dycme\/ce\/?page_id=337"},"modified":"2023-04-18T06:49:05","modified_gmt":"2023-04-18T06:49:05","slug":"practica-5","status":"publish","type":"page","link":"https:\/\/masam.cuautitlan.unam.mx\/dycme\/ce\/practica-5\/","title":{"rendered":"Pr\u00e1ctica 5"},"content":{"rendered":"<h1 style=\"text-align: center\"><span style=\"color: #008080\"><strong>PR\u00c1CTICA 5<br \/>\n<\/strong><\/span><\/h1>\n<hr \/>\n<p><span style=\"color: #008080\"><b> SENSORES , <em>LIMIT SWITCH<\/em> Y SEM\u00c1FORO CON TEMPORIZADORES<\/b><\/span><\/p>\n<hr \/>\n<p><strong>Introducci\u00f3n:<\/strong><\/p>\n<p>Actualmente en la industria se utilizan los sensores para facilitar el trabajo humano pero anteriormente se utilizaban con mayor frecuencia los botones que se modificaron a\u00a0 los interruptores de limite o \u201c<em>limit switch\u201d en ingles .<\/em>Los sensores son dispositivos que permiten la traducci\u00f3n de un est\u00edmulo externo y convertirlo en un impulso el\u00e9ctrico.<\/p>\n<p>&nbsp;<\/p>\n<p><strong>Objetivos:\u00a0<\/strong><\/p>\n<ul>\n<li style=\"list-style-type: none\">\n<ul>\n<li>El alumno aprender\u00e1 a utilizar los diferentes tipos de sensores en el laboratorio<\/li>\n<li>El alumno conocer\u00e1 los diferentes tipos de sensores y su uso.<\/li>\n<\/ul>\n<\/li>\n<\/ul>\n<p><strong>Actividades previas:<\/strong><\/p>\n<ul>\n<li>El alumno deber\u00e1 a investigar el principio de funcionamiento de los sensores inductivos, capacitivos e infrarrojos.<\/li>\n<li>El alumno deber\u00e1 investigar los diferentes tipos de <em>Limit switch<\/em> que m\u00e1s se utilizan en la industria.<\/li>\n<\/ul>\n<p>&nbsp;<\/p>\n<p><strong>Equipo:<\/strong><\/p>\n<ul>\n<li>M\u00f3dulo de control electromec\u00e1nico<\/li>\n<li>Motor trif\u00e1sico<\/li>\n<li>Contactores<\/li>\n<li>Cables de conexi\u00f3n<\/li>\n<\/ul>\n<p><strong>Desarrollo:<\/strong><\/p>\n<p>Los limit switch son elementos de control tambi\u00e9n conocidos como final de carrera, es un sensor que abre o cierra al sentir una fuerza mec\u00e1nica estos son utilizando para diversos fines , puede determinar la presencia , ausencia , el paso y el posicionamiento de un\u00a0 objeto , por ejemplo, para elementos de seguridad , enclavamientos, o por el conteo que pasan por alg\u00fan punto especifico.<\/p>\n<p>Los usos que se tienen\u00a0 los limit swtich radica en la forma en la que est\u00e1n construidos , algunos de ellos se muestran en la figura 5.1 y 5.2.<\/p>\n<figure id=\"attachment_2088\" aria-describedby=\"caption-attachment-2088\" style=\"width: 1571px\" class=\"wp-caption aligncenter\"><img loading=\"lazy\" decoding=\"async\" class=\"wp-image-2088 size-full\" src=\"https:\/\/masam.cuautitlan.unam.mx\/dycme\/ce\/wp-content\/uploads\/sites\/14\/2022\/11\/316102982_700390811691019_4978362884397662143_n-e1668788577499.jpg\" alt=\"\" width=\"1571\" height=\"1418\" srcset=\"https:\/\/masam.cuautitlan.unam.mx\/dycme\/ce\/wp-content\/uploads\/sites\/14\/2022\/11\/316102982_700390811691019_4978362884397662143_n-e1668788577499.jpg 1571w, https:\/\/masam.cuautitlan.unam.mx\/dycme\/ce\/wp-content\/uploads\/sites\/14\/2022\/11\/316102982_700390811691019_4978362884397662143_n-e1668788577499-300x271.jpg 300w, https:\/\/masam.cuautitlan.unam.mx\/dycme\/ce\/wp-content\/uploads\/sites\/14\/2022\/11\/316102982_700390811691019_4978362884397662143_n-e1668788577499-1024x924.jpg 1024w, https:\/\/masam.cuautitlan.unam.mx\/dycme\/ce\/wp-content\/uploads\/sites\/14\/2022\/11\/316102982_700390811691019_4978362884397662143_n-e1668788577499-768x693.jpg 768w, https:\/\/masam.cuautitlan.unam.mx\/dycme\/ce\/wp-content\/uploads\/sites\/14\/2022\/11\/316102982_700390811691019_4978362884397662143_n-e1668788577499-1536x1386.jpg 1536w\" sizes=\"auto, (max-width: 767px) 89vw, (max-width: 1000px) 54vw, (max-width: 1071px) 543px, 580px\" \/><figcaption id=\"caption-attachment-2088\" class=\"wp-caption-text\">FIGURA 5.1 MODUL\u00d3 LIMIT SWITCH<\/figcaption><\/figure>\n<figure id=\"attachment_2089\" aria-describedby=\"caption-attachment-2089\" style=\"width: 1536px\" class=\"wp-caption aligncenter\"><img loading=\"lazy\" decoding=\"async\" class=\"wp-image-2089 size-full\" src=\"https:\/\/masam.cuautitlan.unam.mx\/dycme\/ce\/wp-content\/uploads\/sites\/14\/2022\/11\/315522272_1747310358969019_1134333783951750560_n-e1668788609763.jpg\" alt=\"\" width=\"1536\" height=\"1602\" srcset=\"https:\/\/masam.cuautitlan.unam.mx\/dycme\/ce\/wp-content\/uploads\/sites\/14\/2022\/11\/315522272_1747310358969019_1134333783951750560_n-e1668788609763.jpg 1536w, https:\/\/masam.cuautitlan.unam.mx\/dycme\/ce\/wp-content\/uploads\/sites\/14\/2022\/11\/315522272_1747310358969019_1134333783951750560_n-e1668788609763-288x300.jpg 288w, https:\/\/masam.cuautitlan.unam.mx\/dycme\/ce\/wp-content\/uploads\/sites\/14\/2022\/11\/315522272_1747310358969019_1134333783951750560_n-e1668788609763-982x1024.jpg 982w, https:\/\/masam.cuautitlan.unam.mx\/dycme\/ce\/wp-content\/uploads\/sites\/14\/2022\/11\/315522272_1747310358969019_1134333783951750560_n-e1668788609763-768x801.jpg 768w, https:\/\/masam.cuautitlan.unam.mx\/dycme\/ce\/wp-content\/uploads\/sites\/14\/2022\/11\/315522272_1747310358969019_1134333783951750560_n-e1668788609763-1473x1536.jpg 1473w\" sizes=\"auto, (max-width: 767px) 89vw, (max-width: 1000px) 54vw, (max-width: 1071px) 543px, 580px\" \/><figcaption id=\"caption-attachment-2089\" class=\"wp-caption-text\">FIGURA 5.2 MODUL\u00d3 DE LIMIT SWITCH<\/figcaption><\/figure>\n<h3><strong>CONEXI\u00d3N DE UN LIMIT SWITCH<\/strong><\/h3>\n<p>Los Limit Switch normalmente tienen 3 terminales(figura 5.2) y dependiendo del uso que le demos sera a las terminales que le conectamos<strong>.<\/strong><\/p>\n<p>1.-Terminal de Com\u00fan.<\/p>\n<p>2.-Terminal Normalmente Cerrado.<\/p>\n<p>3.-Terminal Normalmente Abierto.<\/p>\n<p>Conexi\u00f3n limit switch , uso de la terminal NC(Normalmente cerrado)<\/p>\n<p><img loading=\"lazy\" decoding=\"async\" class=\"wp-image-2099 size-full\" src=\"https:\/\/masam.cuautitlan.unam.mx\/dycme\/ce\/wp-content\/uploads\/sites\/14\/2022\/11\/Captura.png\" alt=\"\" width=\"394\" height=\"503\" srcset=\"https:\/\/masam.cuautitlan.unam.mx\/dycme\/ce\/wp-content\/uploads\/sites\/14\/2022\/11\/Captura.png 394w, https:\/\/masam.cuautitlan.unam.mx\/dycme\/ce\/wp-content\/uploads\/sites\/14\/2022\/11\/Captura-235x300.png 235w\" sizes=\"auto, (max-width: 394px) 100vw, 394px\" \/><\/p>\n<p>FIGURA 5.3 WDASADS<\/p>\n<p>&nbsp;<\/p>\n<p><img loading=\"lazy\" decoding=\"async\" class=\"wp-image-2099 size-full\" src=\"https:\/\/masam.cuautitlan.unam.mx\/dycme\/ce\/wp-content\/uploads\/sites\/14\/2022\/11\/Captura.png\" alt=\"\" width=\"394\" height=\"503\" srcset=\"https:\/\/masam.cuautitlan.unam.mx\/dycme\/ce\/wp-content\/uploads\/sites\/14\/2022\/11\/Captura.png 394w, https:\/\/masam.cuautitlan.unam.mx\/dycme\/ce\/wp-content\/uploads\/sites\/14\/2022\/11\/Captura-235x300.png 235w\" sizes=\"auto, (max-width: 394px) 100vw, 394px\" \/><\/p>\n<p>FIGURA 5.4<\/p>\n<h3>Conexi\u00f3n limit switch , uso de la terminal NO(Normalmente\u00a0 abierta)<\/h3>\n<p>&nbsp;<\/p>\n<figure id=\"attachment_2101\" aria-describedby=\"caption-attachment-2101\" style=\"width: 278px\" class=\"wp-caption aligncenter\"><img loading=\"lazy\" decoding=\"async\" class=\"wp-image-2101 size-full\" src=\"https:\/\/masam.cuautitlan.unam.mx\/dycme\/ce\/wp-content\/uploads\/sites\/14\/2022\/11\/LMTS-1-NO.png\" alt=\"\" width=\"278\" height=\"543\" srcset=\"https:\/\/masam.cuautitlan.unam.mx\/dycme\/ce\/wp-content\/uploads\/sites\/14\/2022\/11\/LMTS-1-NO.png 278w, https:\/\/masam.cuautitlan.unam.mx\/dycme\/ce\/wp-content\/uploads\/sites\/14\/2022\/11\/LMTS-1-NO-154x300.png 154w\" sizes=\"auto, (max-width: 278px) 100vw, 278px\" \/><figcaption id=\"caption-attachment-2101\" class=\"wp-caption-text\">FIGURA 5.5<\/figcaption><\/figure>\n<p>&nbsp;<\/p>\n<p>&nbsp;<\/p>\n<p>&nbsp;<\/p>\n<p><strong>Conclusiones:<\/strong><\/p>\n<p>En esta secci\u00f3n el alumno debe escribir la conclusi\u00f3n de lo visto en la pr\u00e1ctica de laboratorio junto con lo aprendido en la investigaci\u00f3n previa para realizar la misma.<\/p>\n<p><strong>Prueba de conocimientos:<\/strong><\/p>\n<p>1.-Menciona 3\u00a0 usos\u00a0 que le puedes dar a 5 tipos de Limit Switch y a los sensores inductivos, capacitivos e infrarrojos<\/p>\n<p>2. -Describe una problem\u00e1tica donde puedas utilizar por lo menos 3 Limit Switch especificando el tipo y 2 sensores inductivos, realizando el esquema de su uso, especificando su posici\u00f3n.<\/p>\n<p><strong>Bibliograf\u00eda:<\/strong><\/p>\n<p>Inserte los autores, libros, p\u00e1ginas o lugar donde encontr\u00f3 informaci\u00f3n para realizar su reporte de la pr\u00e1ctica.<\/p>\n","protected":false},"excerpt":{"rendered":"<p>PR\u00c1CTICA 5 SENSORES , LIMIT SWITCH Y SEM\u00c1FORO CON TEMPORIZADORES Introducci\u00f3n: Actualmente en la industria se utilizan los sensores para facilitar el trabajo humano pero anteriormente se utilizaban con mayor frecuencia los botones que se modificaron a\u00a0 los interruptores de limite o \u201climit switch\u201d en ingles .Los sensores son dispositivos que permiten la traducci\u00f3n de &hellip; <\/p>\n<p class=\"link-more\"><a href=\"https:\/\/masam.cuautitlan.unam.mx\/dycme\/ce\/practica-5\/\" class=\"more-link\">Continuar leyendo<span class=\"screen-reader-text\"> &#8220;Pr\u00e1ctica 5&#8221;<\/span><\/a><\/p>\n","protected":false},"author":7,"featured_media":0,"parent":0,"menu_order":0,"comment_status":"closed","ping_status":"closed","template":"","meta":{"inline_featured_image":false,"footnotes":""},"class_list":["post-337","page","type-page","status-publish","hentry"],"_links":{"self":[{"href":"https:\/\/masam.cuautitlan.unam.mx\/dycme\/ce\/wp-json\/wp\/v2\/pages\/337","targetHints":{"allow":["GET"]}}],"collection":[{"href":"https:\/\/masam.cuautitlan.unam.mx\/dycme\/ce\/wp-json\/wp\/v2\/pages"}],"about":[{"href":"https:\/\/masam.cuautitlan.unam.mx\/dycme\/ce\/wp-json\/wp\/v2\/types\/page"}],"author":[{"embeddable":true,"href":"https:\/\/masam.cuautitlan.unam.mx\/dycme\/ce\/wp-json\/wp\/v2\/users\/7"}],"replies":[{"embeddable":true,"href":"https:\/\/masam.cuautitlan.unam.mx\/dycme\/ce\/wp-json\/wp\/v2\/comments?post=337"}],"version-history":[{"count":30,"href":"https:\/\/masam.cuautitlan.unam.mx\/dycme\/ce\/wp-json\/wp\/v2\/pages\/337\/revisions"}],"predecessor-version":[{"id":2158,"href":"https:\/\/masam.cuautitlan.unam.mx\/dycme\/ce\/wp-json\/wp\/v2\/pages\/337\/revisions\/2158"}],"wp:attachment":[{"href":"https:\/\/masam.cuautitlan.unam.mx\/dycme\/ce\/wp-json\/wp\/v2\/media?parent=337"}],"curies":[{"name":"wp","href":"https:\/\/api.w.org\/{rel}","templated":true}]}}