{"id":334,"date":"2022-06-22T17:07:28","date_gmt":"2022-06-22T17:07:28","guid":{"rendered":"https:\/\/masam.cuautitlan.unam.mx\/dycme\/ce\/?page_id=334"},"modified":"2023-04-18T06:48:16","modified_gmt":"2023-04-18T06:48:16","slug":"practica-4","status":"publish","type":"page","link":"https:\/\/masam.cuautitlan.unam.mx\/dycme\/ce\/practica-4\/","title":{"rendered":"Pr\u00e1ctica 4"},"content":{"rendered":"<h1 style=\"text-align: center\"><strong><span style=\"color: #008080\">PR\u00c1CTICA 4<\/span><\/strong><\/h1>\n<hr \/>\n<p style=\"text-align: center\"><span style=\"color: #008080\"><strong>TEMPORIZADOR RETADOR A LA CONEXI\u00d3N (<em>on DELAY<\/em>) y A LA DESCONEXI\u00d3N (<em>off DELAY<\/em>).<\/strong><\/span><\/p>\n<hr \/>\n<p>&nbsp;<\/p>\n<p><strong>Introducci\u00f3n:<\/strong><\/p>\n<p style=\"padding-left: 40px\">Actualmente en la industria es necesario complementar los dispositivos electromec\u00e1nicos con dispositivos que permitan la automatizaci\u00f3n con el fin de mejorar la eficiencia de los procesos.<\/p>\n<p style=\"padding-left: 40px\">En esta pr\u00e1ctica el alumno se debe enfocar en conocer dos tipos de dispositivos electromec\u00e1nicos, que sirven para controlar el tiempo de conexi\u00f3n o desconexi\u00f3n de los elementos conectados a ellos, estos dispositivos se conocen como: temporizador con retardo a la conexi\u00f3n (<em>on delay<\/em>) y temporizador con retardo a la desconexi\u00f3n (<em>off delay<\/em>), donde cada uno tiene un objetivo diferente para una aplicaci\u00f3n especifica, estos dispositivos se utilizan en varios procesos de la industria como en el paro y arranque de los motores trif\u00e1sicos, l\u00e1mparas piloto o cualquier tipo de conexi\u00f3n que necesite\u00a0 alg\u00fan intervalo de tiempo en su funcionamiento.<\/p>\n<p><strong>Objetivos:<\/strong><\/p>\n<ul>\n<li style=\"list-style-type: none\">\n<ul>\n<li>Conocer el funcionamiento y utilidad de los temporizadores en procesos automatizados.<\/li>\n<li>Emplear los temporizadores con retardo a la conexi\u00f3n y desconexi\u00f3n con otros dispositivos electromec\u00e1nicos.<\/li>\n<\/ul>\n<\/li>\n<\/ul>\n<p><strong>Actividades previas:<\/strong><\/p>\n<p>El alumno debe:<\/p>\n<ul>\n<li style=\"list-style-type: none\">\n<ul>\n<li>Investigar el funcionamiento de los temporizadores con retardo a la conexi\u00f3n y retardo a la desconexi\u00f3n.<\/li>\n<li>Investigar que es un diagrama en diagrama de escalera o tipo Ladder<\/li>\n<li>Investigar las reglas principales para realizar un diagrama de escalera o tipo Ladder<\/li>\n<\/ul>\n<\/li>\n<\/ul>\n<p><strong>Equipo:<\/strong><\/p>\n<ul>\n<li style=\"list-style-type: none\">\n<ul>\n<li>M\u00f3dulo de control electromec\u00e1nico.<\/li>\n<\/ul>\n<\/li>\n<\/ul>\n<p><strong>Materiales:<\/strong><\/p>\n<ul>\n<li style=\"list-style-type: none\">\n<ul>\n<li>Temporizadores on y off delay<\/li>\n<li>Motor trif\u00e1sico<\/li>\n<li>Cables de conexi\u00f3n<\/li>\n<\/ul>\n<\/li>\n<\/ul>\n<p><strong>Desarrollo:<\/strong><\/p>\n<p style=\"text-align: center\"><strong>Temporizador con retardo a la conexi\u00f3n<\/strong><\/p>\n<p style=\"padding-left: 40px\">Este dispositivo electromec\u00e1nico tambi\u00e9n conocido como temporizador <em>on-delay<\/em> al recibir una se\u00f1al el\u00e9ctrica en su bobina de control, internamente el temporizador comienza el conteo al que est\u00e1 ajustado y cuando llega al final del conteo o tiempo indicado cambia de estado todos sus contactos auxiliares, es decir, los contactos normalmente abiertos (NO) pasan a ser cerrados (NC) o los contactos normalmente cerrados (NC) pasan a ser abiertos (NO) hasta que se deje de recibir la se\u00f1al el\u00e9ctrica en la bobina de control del temporizador.<\/p>\n<p style=\"text-align: center\"><strong>Temporizadores <em>On<\/em> y <em>Off delay<\/em>.<\/strong><\/p>\n<p style=\"padding-left: 40px\"><img loading=\"lazy\" decoding=\"async\" width=\"829\" height=\"566\" class=\"wp-image-1897 aligncenter\" src=\"https:\/\/masam.cuautitlan.unam.mx\/dycme\/ce\/wp-content\/uploads\/sites\/14\/2022\/09\/word-image-352.png\" srcset=\"https:\/\/masam.cuautitlan.unam.mx\/dycme\/ce\/wp-content\/uploads\/sites\/14\/2022\/09\/word-image-352.png 829w, https:\/\/masam.cuautitlan.unam.mx\/dycme\/ce\/wp-content\/uploads\/sites\/14\/2022\/09\/word-image-352-300x205.png 300w, https:\/\/masam.cuautitlan.unam.mx\/dycme\/ce\/wp-content\/uploads\/sites\/14\/2022\/09\/word-image-352-768x524.png 768w\" sizes=\"auto, (max-width: 767px) 89vw, (max-width: 1000px) 54vw, (max-width: 1071px) 543px, 580px\" \/><\/p>\n<p style=\"text-align: center\"><strong>Figura 4.1 Temporizadores <em>On<\/em> y <em>Off delay<\/em>.<\/strong><\/p>\n<p>Aqu\u00ed el alumno podr\u00e1 familiarizarse con el equipo y conocer los temporizadores <em>On<\/em> y <em>Off delay<\/em> del laboratorio, en la Figura 4.1 se muestran algunos de los temporizadores con retardo a la conexi\u00f3n y a la desconexi\u00f3n que se tienen en el laboratorio.<\/p>\n<p>Explicaci\u00f3n del funcionamiento.<\/p>\n<p>El primero temporizador que se explica es el que tiene retardo a la conexi\u00f3n, en este temporizador, la se\u00f1al de control que recibe la bobina debe mantenerse activa por el tiempo indicado por el operador para que los contactos cambien su estado, y se mantendr\u00e1n en este nuevo estado hasta que se quite la se\u00f1al de control en la bobina.<\/p>\n<p>Esto se puede notar mejor en la Figura 4.2 en donde la muestra el comportamiento de los contactores al recibir la se\u00f1al de control, el temporizador se utiliza de la siguiente forma,<\/p>\n<p>1.- Se activa la bobina del temporizador enviando una se\u00f1al el\u00e9ctrica a trav\u00e9s de ella, esto hace que la bobina sienta una se\u00f1al activa (se\u00f1al en rojo).<\/p>\n<p>2.- Una vez que la bobina siente una se\u00f1al activa, el temporizador inicia el conteo.<\/p>\n<p>3.- Cuando el tiempo programado en el temporizador se alcanza, el temporizador manda a cambiar los estados de sus contactos auxiliares.<\/p>\n<p>4.- El estado de los contactos auxiliares cambia, aquellos contactos auxiliares normalmente cerrados (NC) pasan a un estado abierto, de igual forma, los contactos normalmente abiertos (NO) pasan a un estado cerrado.<\/p>\n<p>5.- Los contactos se mantienen en este &#8220;nuevo estado&#8221; hasta que la se\u00f1al el\u00e9ctrica se quite de la bobina de control.<\/p>\n<p>6.- Se deja de enviar la se\u00f1al el\u00e9ctrica a la bobina de control (l\u00ednea roja) y los estados de los contactos auxiliares regresan a sus estados normales (l\u00ednea azul). Los abiertos pasan a ser NC y los cerrados pasan a ser NO.<\/p>\n<p style=\"text-align: center\"><img loading=\"lazy\" decoding=\"async\" class=\"alignnone wp-image-2009\" src=\"https:\/\/masam.cuautitlan.unam.mx\/dycme\/ce\/wp-content\/uploads\/sites\/14\/2022\/10\/tempon.jpg\" alt=\"\" width=\"900\" height=\"543\" srcset=\"https:\/\/masam.cuautitlan.unam.mx\/dycme\/ce\/wp-content\/uploads\/sites\/14\/2022\/10\/tempon.jpg 823w, https:\/\/masam.cuautitlan.unam.mx\/dycme\/ce\/wp-content\/uploads\/sites\/14\/2022\/10\/tempon-300x181.jpg 300w, https:\/\/masam.cuautitlan.unam.mx\/dycme\/ce\/wp-content\/uploads\/sites\/14\/2022\/10\/tempon-768x464.jpg 768w\" sizes=\"auto, (max-width: 767px) 89vw, (max-width: 1000px) 54vw, (max-width: 1071px) 543px, 580px\" \/><strong>Figura 4.2. Gr\u00e1fica del funcionamiento de un temporizador con retardo a la conexi\u00f3n.<\/strong><\/p>\n<p>Es importante se\u00f1alar que, en este tipo de temporizador, la se\u00f1al el\u00e9ctrica debe mantenerse en la bobina durante todo el tiempo al que est\u00e9 programado, ya que, si la se\u00f1al se quita antes de completar el tiempo, entonces el contador regresa a cero y se debe volver a enviar la se\u00f1al a la bobina durante todo el tiempo al que est\u00e9 configurado.<\/p>\n<p>El otro temporizador que se explica es el que tiene retardo a la desconexi\u00f3n, en este temporizador, la se\u00f1al de control que recibe la bobina es suficiente para que los contactos cambien su estado, y la diferencia con el anterior, es que ahora los contactos se mantendr\u00e1n en su nuevo estado aun cuando la bobina ya no est\u00e9 recibiendo la se\u00f1al el\u00e9ctrica y regresar\u00e1n a su estado normal hasta que pase el tiempo programado, despu\u00e9s de ya no recibir se\u00f1al de control en la bobina.<\/p>\n<p>Esto se puede notar mejor en la Figura 4.3 en donde la muestra el comportamiento de los contactores al recibir la se\u00f1al de control, el temporizador se utiliza de la siguiente forma,<\/p>\n<p>1.- Se activa la bobina del temporizador enviando una se\u00f1al el\u00e9ctrica a trav\u00e9s de ella, esto hace que la bobina sienta una se\u00f1al activa (se\u00f1al en rojo).<\/p>\n<p>2.- Una vez que la bobina siente una se\u00f1al activa, todos los contactos auxiliares cambian de estado (se\u00f1al azul).<\/p>\n<p>3.- El estado de los contactos auxiliares cambia, aquellos contactos auxiliares normalmente cerrados (NC) pasan a un estado abierto, de igual forma, los contactos normalmente abiertos (NO) pasan a un estado cerrado.<\/p>\n<p>4.-La se\u00f1al el\u00e9ctrica se quita de la bobina de control del temporizador.<\/p>\n<p>5.- Cuando el tiempo programado en el temporizador se alcanza, el temporizador inicia el conteo al que est\u00e1 programado.<\/p>\n<p>5.- Los contactos se mantienen en el &#8220;nuevo estado&#8221; que se activ\u00f3 en el paso 3, hasta que el tiempo indicado sea alcanzado.<\/p>\n<p>6.- Los contactos auxiliares regresan a su estado normal.<\/p>\n<p><img loading=\"lazy\" decoding=\"async\" class=\"alignnone wp-image-2008\" src=\"https:\/\/masam.cuautitlan.unam.mx\/dycme\/ce\/wp-content\/uploads\/sites\/14\/2022\/10\/tempoff.jpg\" alt=\"\" width=\"900\" height=\"547\" srcset=\"https:\/\/masam.cuautitlan.unam.mx\/dycme\/ce\/wp-content\/uploads\/sites\/14\/2022\/10\/tempoff.jpg 817w, https:\/\/masam.cuautitlan.unam.mx\/dycme\/ce\/wp-content\/uploads\/sites\/14\/2022\/10\/tempoff-300x182.jpg 300w, https:\/\/masam.cuautitlan.unam.mx\/dycme\/ce\/wp-content\/uploads\/sites\/14\/2022\/10\/tempoff-768x467.jpg 768w\" sizes=\"auto, (max-width: 767px) 89vw, (max-width: 1000px) 54vw, (max-width: 1071px) 543px, 580px\" \/><\/p>\n<p style=\"text-align: center\"><strong>Figura 4.3. Gr\u00e1fica del funcionamiento de un temporizador con retardo a la desconexi\u00f3n.<\/strong><\/p>\n<p>A continuaci\u00f3n, se muestra un peque\u00f1o ejemplo del uso de los temporizadores para controlar una l\u00e1mpara piloto.<\/p>\n<p style=\"padding-left: 40px\"><img loading=\"lazy\" decoding=\"async\" class=\"aligncenter wp-image-2041\" src=\"https:\/\/masam.cuautitlan.unam.mx\/dycme\/ce\/wp-content\/uploads\/sites\/14\/2022\/11\/tempconexion-188x300.png\" alt=\"\" width=\"350\" height=\"560\" srcset=\"https:\/\/masam.cuautitlan.unam.mx\/dycme\/ce\/wp-content\/uploads\/sites\/14\/2022\/11\/tempconexion-188x300.png 188w, https:\/\/masam.cuautitlan.unam.mx\/dycme\/ce\/wp-content\/uploads\/sites\/14\/2022\/11\/tempconexion.png 352w\" sizes=\"auto, (max-width: 350px) 100vw, 350px\" \/><\/p>\n<p style=\"text-align: center\"><strong>Figura 4.4 Diagrama con la conexi\u00f3n de dos temporizadores <em>On delay<\/em>.<\/strong><\/p>\n<p><strong>Explicaci\u00f3n:<\/strong><\/p>\n<p style=\"padding-left: 40px\">Como se observa en la Figura 4.4 los elementos electromec\u00e1nicos que tenemos son, dos bobinas de los temporizadores tipo <em>On delay<\/em>, y sus contactos auxiliares denominados &#8220;KT1 y KT2&#8221; y una l\u00e1mpara piloto.<\/p>\n<p>\u00bfC\u00f3mo funciona este diagrama?<\/p>\n<p>1.- Al cerrar el interruptor S, se cierra el circuito utilizando el contacto auxiliar normalmente cerrado (NC) del temporizador KT2, este alimenta directamente a la bobina del temporizador KT1 la cual inicia su conteo inmediatamente.<\/p>\n<p>2.- El temporizador KT1 est\u00e1 configurado con un retardo a la conexi\u00f3n de 5 segundos, los cuales, al cumplirse cierran el contacto auxiliar NO (mostrado en el centro de la Figura 4.4) y abren el contacto auxiliar NC (mostrado a la derecha de la Figura 4.4).<\/p>\n<p>3.- Al cerrarse el contacto auxiliar NO (mostrado en el centro de la Figura 4.4), este alimenta a la bobina del temporizador KT2<\/p>\n<p style=\"padding-left: 40px\">En este diagrama, KT2 se configur\u00f3 para un tiempo de retardo de cinco segundos, los cuales al terminarse inmediatamente comienza a trabajar la primera bobina denominada KT1 en conjunto con la l\u00e1mpara piloto, esta l\u00e1mpara permanecer\u00e1 encendida diez segundos en lo que KT1 cambia el estado de sus contactos, es decir, permanecer\u00e1 as\u00ed durante diez segundos, al finalizar KT1 comienza nuevamente KT2 e inmediatamente se apaga la l\u00e1mpara piloto.<\/p>\n<p style=\"text-align: center\"><strong>Temporizador con retardo a la desconexi\u00f3n:<\/strong><\/p>\n<p style=\"padding-left: 40px\">Ahora se mostrar\u00e1 un ejemplo del uso de los temporizadores <em>Off delay,<\/em> los cuales se usan para controlar dos l\u00e1mparas piloto, el diagrama del ejemplo se realiz\u00f3 utilizando el software Cadesimu<\/p>\n<p style=\"padding-left: 40px\"><img loading=\"lazy\" decoding=\"async\" class=\"aligncenter wp-image-2044\" src=\"https:\/\/masam.cuautitlan.unam.mx\/dycme\/ce\/wp-content\/uploads\/sites\/14\/2022\/11\/tempdesconexion-190x300.png\" alt=\"\" width=\"350\" height=\"552\" srcset=\"https:\/\/masam.cuautitlan.unam.mx\/dycme\/ce\/wp-content\/uploads\/sites\/14\/2022\/11\/tempdesconexion-190x300.png 190w, https:\/\/masam.cuautitlan.unam.mx\/dycme\/ce\/wp-content\/uploads\/sites\/14\/2022\/11\/tempdesconexion.png 356w\" sizes=\"auto, (max-width: 350px) 100vw, 350px\" \/><\/p>\n<p style=\"text-align: center\"><b>Figura 4.5 Diagrama de conexi\u00f3n de dos bobinas con temporizador a la desconexi\u00f3n y una l\u00e1mpara piloto<\/b><\/p>\n<p><strong>\u00bfC\u00f3mo funciona este diagrama? <\/strong><\/p>\n<p><strong>Explicaci\u00f3n:<\/strong><\/p>\n<p>1.- Al cerrar el interruptor S, se cierra el circuito utilizando el contacto auxiliar normalmente cerrado (NC) del temporizador KA2, este alimenta directamente a la bobina del temporizador KA1 la cual cambia los estados de sus contactos auxiliares.<\/p>\n<p>2.- El temporizador KA1 est\u00e1 configurado con un retardo a la desconexi\u00f3n de 5 segundos, al cambiar los estados de los contactos auxiliares de KA1, el contacto NO se cierra y alimenta a la bobina KA2.<\/p>\n<p>3.- Los contactos auxiliares de KA2 cambian y abren el circuito de la bobina KA1 y este temporizador inicia el conteo de desconexi\u00f3n, al pasar los 5 segundos, los contactos regresan a su estado normal.<\/p>\n<p>4.- El contacto auxiliar de KA1 deja de alimentar a la bobina KA2 y esta inicia su conteo de desconexi\u00f3n y la l\u00e1mpara se enciende.<\/p>\n<p>5.-Al terminar el conteo, los contactos KA2 vuelven a su estado normal y se reinicia el ciclo explicado aqu\u00ed, hasta que se abra el interruptor S.<\/p>\n<p style=\"text-align: center\"><strong>DIAGRAMA EN CADe_SIMU\u00a0 APLICACI\u00d3N TEMPORIZADORES<br \/>\n<\/strong><\/p>\n<p>El siguiente diagrama(figura 4.6) es un ejemplo funcional sobre el uso de temporizadores , este es el principio de funcionamiento de un sem\u00e1foro.<\/p>\n<p style=\"text-align: center\"><img loading=\"lazy\" decoding=\"async\" class=\"size-full wp-image-2069 aligncenter\" src=\"https:\/\/masam.cuautitlan.unam.mx\/dycme\/ce\/wp-content\/uploads\/sites\/14\/2022\/11\/Semaforo.png\" alt=\"\" width=\"887\" height=\"498\" srcset=\"https:\/\/masam.cuautitlan.unam.mx\/dycme\/ce\/wp-content\/uploads\/sites\/14\/2022\/11\/Semaforo.png 887w, https:\/\/masam.cuautitlan.unam.mx\/dycme\/ce\/wp-content\/uploads\/sites\/14\/2022\/11\/Semaforo-300x168.png 300w, https:\/\/masam.cuautitlan.unam.mx\/dycme\/ce\/wp-content\/uploads\/sites\/14\/2022\/11\/Semaforo-768x431.png 768w\" sizes=\"auto, (max-width: 767px) 89vw, (max-width: 1000px) 54vw, (max-width: 1071px) 543px, 580px\" \/><b>Figura 4.6 Diagrama de conexi\u00f3n del funcionamiento de un Sem\u00e1foro<br \/>\n<\/b><\/p>\n<p>&nbsp;<\/p>\n<p>Para elaborar este circuito haremos uso de\u00a0 elementos electromec\u00e1nicos como lo son 3 temporizadores del tipo On Delay\u00a0 con el uso de sus bobinas y sus contactos auxiliares , una bobina auxiliar, 3\u00a0 l\u00e1mparas pilotos\u00a0 y botones.<\/p>\n<p>\u00bfC\u00f3mo funciona este diagrama?<\/p>\n<p>1.-Al cerrar el bot\u00f3n de arranque BA alimentamos al circuito , alimentando a la bobina K , esta bobina cambiara de estado a sus contactos auxiliares , el primero es que usamos como\u00a0 enclavamiento para que el circuito se alimente indefinidamente hasta que se decida parar con el bot\u00f3n de paro (BP)<\/p>\n<p>2.{Tenemos dos contactos auxiliares de K , como estos cambiaron su estado de NO a a cerrados alimentaran uno a las bobinas de los temporizadores On Delay y el otro a las l\u00e1mparas pilotos.<\/p>\n<p>3.-Uno de esos contactos alimentara a la primer bobina del primero color\u00a0 de nuestro sem\u00e1foro en este caso\u00a0 el verde(bobina KV) , esta bobina KV se alimenta y empezara el conteo de asignaci\u00f3n\u00a0 ,al mismo tiempo\u00a0 el otro de los contactos alimentara a la primer l\u00e1mpara piloto\u00a0 de color verde (V) y esta encender\u00e1 , la bobina al terminar su conteo har\u00e1 cambiar de terminales a sus dos contactos<\/p>\n<p>4.-En el momento que cambian de terminales los contactos de KV uno de ellos del lado izquierdo har\u00e1 que le llegue la alimentaci\u00f3n a la bobina del siguiente color en este caso el amarillo (bobina KA) y que comience su conteo y por el lado derecho el otro contacto KV \u00a0har\u00e1 el cambio en sus terminales haciendo un corte de alimentaci\u00f3n al foco verde \u00a0por lo cual se apagara y alimentando su otra terminal\u00a0 alimentando el foco amarillo encendiendo.<\/p>\n<p>5.-Una vez alimentada la bobina KA empieza su conteo , terminado el conteo asignado esta bobina har\u00e1 cambiar sus contactos auxiliares , el contacto KV del lado izquierdo cambiara su terminal sin conexi\u00f3n para alimentar la bobina del ultimo color del sem\u00e1foro(bobina KR) que es el color rojo, empezando con el conteo , con el contacto KA del lado izquierdo har\u00e1 el cambio de terminales , haciendo el corte de alimentaci\u00f3n del foco amarillo apag\u00e1ndolo y alimentando a la otra terminal del foco rojo encendi\u00e9ndolo .<\/p>\n<p>6.-Por ultimo, alimentada la bobina KR comenzara su conteo asignado una vez terminado har\u00e1 cambiar sus contactos auxiliares, el contacto KR de la izquierda har\u00e1 cambio de sus terminales haciendo que se le interrumpa la alimentaci\u00f3n a la bobina KV y al estar en cadena la alimentaci\u00f3n se desactivaran las dem\u00e1s, en el mismo instante regresara a alimentar la bobina KV haciendo que el ciclo inicie de nuevo ; por otro lado el contacto KR de la derecha har\u00e1 cambio de terminales haciendo un corte peque\u00f1o de la alimentaci\u00f3n suficiente para que el foco rojo se apague .<\/p>\n<p><strong>Conclusiones:<\/strong><\/p>\n<p style=\"padding-left: 40px\">En esta secci\u00f3n el alumno debe escribir la conclusi\u00f3n de lo visto en la pr\u00e1ctica de laboratorio junto con lo aprendido en la investigaci\u00f3n previa para realizar la misma.<\/p>\n<p><strong>Prueba de conocimientos:<\/strong><\/p>\n<p style=\"padding-left: 40px\">1.Cu\u00e1l es la diferencia entre un temporizador <em>On delay<\/em> y <em>Off delay<\/em>?<\/p>\n<p style=\"padding-left: 40px\">2.-Dibuje la simbolog\u00eda del temporizador <em>On<\/em>\u00a0y <em>Off delay<\/em><\/p>\n<p style=\"padding-left: 40px\">3.-Mencione tres usos de los temporizadores.<\/p>\n<p><strong>Bibliograf\u00eda:<\/strong><\/p>\n<p style=\"padding-left: 40px\">Inserte los autores, libros, p\u00e1ginas o lugar donde encontr\u00f3 informaci\u00f3n para realizar su reporte de la pr\u00e1ctica.<\/p>\n","protected":false},"excerpt":{"rendered":"<p>PR\u00c1CTICA 4 TEMPORIZADOR RETADOR A LA CONEXI\u00d3N (on DELAY) y A LA DESCONEXI\u00d3N (off DELAY). &nbsp; Introducci\u00f3n: Actualmente en la industria es necesario complementar los dispositivos electromec\u00e1nicos con dispositivos que permitan la automatizaci\u00f3n con el fin de mejorar la eficiencia de los procesos. En esta pr\u00e1ctica el alumno se debe enfocar en conocer dos tipos &hellip; <\/p>\n<p class=\"link-more\"><a href=\"https:\/\/masam.cuautitlan.unam.mx\/dycme\/ce\/practica-4\/\" class=\"more-link\">Continuar leyendo<span class=\"screen-reader-text\"> &#8220;Pr\u00e1ctica 4&#8221;<\/span><\/a><\/p>\n","protected":false},"author":7,"featured_media":0,"parent":0,"menu_order":0,"comment_status":"closed","ping_status":"closed","template":"","meta":{"inline_featured_image":false,"footnotes":""},"class_list":["post-334","page","type-page","status-publish","hentry"],"_links":{"self":[{"href":"https:\/\/masam.cuautitlan.unam.mx\/dycme\/ce\/wp-json\/wp\/v2\/pages\/334","targetHints":{"allow":["GET"]}}],"collection":[{"href":"https:\/\/masam.cuautitlan.unam.mx\/dycme\/ce\/wp-json\/wp\/v2\/pages"}],"about":[{"href":"https:\/\/masam.cuautitlan.unam.mx\/dycme\/ce\/wp-json\/wp\/v2\/types\/page"}],"author":[{"embeddable":true,"href":"https:\/\/masam.cuautitlan.unam.mx\/dycme\/ce\/wp-json\/wp\/v2\/users\/7"}],"replies":[{"embeddable":true,"href":"https:\/\/masam.cuautitlan.unam.mx\/dycme\/ce\/wp-json\/wp\/v2\/comments?post=334"}],"version-history":[{"count":40,"href":"https:\/\/masam.cuautitlan.unam.mx\/dycme\/ce\/wp-json\/wp\/v2\/pages\/334\/revisions"}],"predecessor-version":[{"id":2157,"href":"https:\/\/masam.cuautitlan.unam.mx\/dycme\/ce\/wp-json\/wp\/v2\/pages\/334\/revisions\/2157"}],"wp:attachment":[{"href":"https:\/\/masam.cuautitlan.unam.mx\/dycme\/ce\/wp-json\/wp\/v2\/media?parent=334"}],"curies":[{"name":"wp","href":"https:\/\/api.w.org\/{rel}","templated":true}]}}