{"id":288,"date":"2022-05-24T15:39:37","date_gmt":"2022-05-24T15:39:37","guid":{"rendered":"https:\/\/masam.cuautitlan.unam.mx\/dycme\/ce\/?page_id=288"},"modified":"2022-05-24T15:41:25","modified_gmt":"2022-05-24T15:41:25","slug":"inversion-de-giro","status":"publish","type":"page","link":"https:\/\/masam.cuautitlan.unam.mx\/dycme\/ce\/inversion-de-giro\/","title":{"rendered":"Inversi\u00f3n de giro"},"content":{"rendered":"<p>Se han mostrado los circuitos de control b\u00e1sicos para el arranque de un motor trif\u00e1sico. Adem\u00e1s, de solo arrancar un motor, muchas aplicaciones requieren que dicho motor cambie el sentido de giro, por lo cual, el estudiar los circuitos de cambio de giro es importante.<\/p>\n<p>Seg\u00fan la norma NEMA para realizar la inversi\u00f3n de giro de un motor trif\u00e1sico, indica que se deben intercambiar las terminales T1 y T3 de la salida del contactor, o en otras palabras, intercambiar la conexi\u00f3n de la fase 1 con la fase 3 de alimentaci\u00f3n del motor. Al realizar este simple cambio, el motor cambiar\u00e1 de giro.<\/p>\n<p>Es claro que no podemos mandar a un trabajador a realizar manualmente la desconexi\u00f3n, inversi\u00f3n y reconexi\u00f3n de fases cada vez que se requiera cambiar el giro de un motor. Por ese motivo es que se han dise\u00f1ado distintos tipos de control para la inversi\u00f3n de giro de un motor el\u00e9ctrico sin necesidad de desconectar y reconectar f\u00edsicamente las terminales del mismo.<\/p>\n<p>En esta secci\u00f3n se explican algunas de esas formas de inversi\u00f3n de giro utilizando diferentes dispositivos y elementos de control. Algunas de estas formas se explican en esta secci\u00f3n, mientras que otras como la inversi\u00f3n de giro por medio de un inversor de frecuencia, se explica en la secci\u00f3n dedicada a ese tema.<\/p>\n<p>&nbsp;<\/p>\n","protected":false},"excerpt":{"rendered":"<p>Se han mostrado los circuitos de control b\u00e1sicos para el arranque de un motor trif\u00e1sico. Adem\u00e1s, de solo arrancar un motor, muchas aplicaciones requieren que dicho motor cambie el sentido de giro, por lo cual, el estudiar los circuitos de cambio de giro es importante. Seg\u00fan la norma NEMA para realizar la inversi\u00f3n de giro &hellip; <\/p>\n<p class=\"link-more\"><a href=\"https:\/\/masam.cuautitlan.unam.mx\/dycme\/ce\/inversion-de-giro\/\" class=\"more-link\">Continuar leyendo<span class=\"screen-reader-text\"> &#8220;Inversi\u00f3n de giro&#8221;<\/span><\/a><\/p>\n","protected":false},"author":2,"featured_media":0,"parent":0,"menu_order":0,"comment_status":"closed","ping_status":"closed","template":"","meta":{"inline_featured_image":false,"footnotes":""},"class_list":["post-288","page","type-page","status-publish","hentry"],"_links":{"self":[{"href":"https:\/\/masam.cuautitlan.unam.mx\/dycme\/ce\/wp-json\/wp\/v2\/pages\/288","targetHints":{"allow":["GET"]}}],"collection":[{"href":"https:\/\/masam.cuautitlan.unam.mx\/dycme\/ce\/wp-json\/wp\/v2\/pages"}],"about":[{"href":"https:\/\/masam.cuautitlan.unam.mx\/dycme\/ce\/wp-json\/wp\/v2\/types\/page"}],"author":[{"embeddable":true,"href":"https:\/\/masam.cuautitlan.unam.mx\/dycme\/ce\/wp-json\/wp\/v2\/users\/2"}],"replies":[{"embeddable":true,"href":"https:\/\/masam.cuautitlan.unam.mx\/dycme\/ce\/wp-json\/wp\/v2\/comments?post=288"}],"version-history":[{"count":3,"href":"https:\/\/masam.cuautitlan.unam.mx\/dycme\/ce\/wp-json\/wp\/v2\/pages\/288\/revisions"}],"predecessor-version":[{"id":292,"href":"https:\/\/masam.cuautitlan.unam.mx\/dycme\/ce\/wp-json\/wp\/v2\/pages\/288\/revisions\/292"}],"wp:attachment":[{"href":"https:\/\/masam.cuautitlan.unam.mx\/dycme\/ce\/wp-json\/wp\/v2\/media?parent=288"}],"curies":[{"name":"wp","href":"https:\/\/api.w.org\/{rel}","templated":true}]}}