{"id":255,"date":"2022-05-06T18:53:15","date_gmt":"2022-05-06T18:53:15","guid":{"rendered":"https:\/\/masam.cuautitlan.unam.mx\/dycme\/ce\/?page_id=255"},"modified":"2022-05-06T21:06:50","modified_gmt":"2022-05-06T21:06:50","slug":"caracteristicas","status":"publish","type":"page","link":"https:\/\/masam.cuautitlan.unam.mx\/dycme\/ce\/caracteristicas\/","title":{"rendered":"Caracter\u00edsticas"},"content":{"rendered":"<p>En esta secci\u00f3n se muestra un resumen de las caracter\u00edsticas m\u00e1s importantes de LOGO! y de la forma de programar y conectar el m\u00f3dulo a un PC para poder cargar un programa o descargarlo para guardarlo. Esta informaci\u00f3n se encuentra disponible y con m\u00e1s detalle en: <a href=\"https:\/\/new.siemens.com\/mx\/es\/productos\/automatizacion\/systems\/industrial\/plc\/logo.html\">LOGO! M\u00f3dulo l\u00f3gico | Controladores SIMATIC | Siemens Mexico<\/a> donde se puede buscar el manual de operaci\u00f3n de LOGO! que es de donde se resume la informaci\u00f3n mostrada a continuaci\u00f3n.<\/p>\n<h1>Microcontroladores SIEMENS LOGO!<\/h1>\n<p>El microcontrolador LOGO! b\u00e1sico es un controlador l\u00f3gico que debido a sus propiedades y aplicaciones no llega a considerarse un PLC. Sus principales caracter\u00edsticas son, que dispone de 8 entradas y 4 salidas; se puede programar con los botones del men\u00fa o a trav\u00e9s del software LOGOSOFT.<\/p>\n<p>Existen distintos m\u00f3dulos LOGO! Basic, estos se ajustan a las necesidades que se puedan tener en la aplicaci\u00f3n a controlar y va desde el m\u00f3dulo m\u00e1s peque\u00f1o que cuenta con 8 entradas digitales y 4 salidas como se mencion\u00f3, pero tambi\u00e9n hay m\u00f3dulos que llegan a tener m\u00e1s conexiones, como se especifica a continuaci\u00f3n:<\/p>\n<ul>\n<li>Entradas digitales I1 hasta I24<\/li>\n<li>Entradas anal\u00f3gicas AI1 hasta AI8<\/li>\n<li>Salidas digitales Q1 hasta Q16<\/li>\n<li>Salidas anal\u00f3gicas AQ1 y AQ2<\/li>\n<li>Marcas digitales M1 hasta M24<\/li>\n<li>Marcas anal\u00f3gicas AM1 hasta AM6<\/li>\n<li>Bits de registro de desplazamiento S1 hasta S8<\/li>\n<li>4 teclas de cursor<\/li>\n<li>16 salidas no conectadas X1 hasta X16<\/li>\n<\/ul>\n<h1>Estructura<\/h1>\n<h6 style=\"text-align: center;\"><img loading=\"lazy\" decoding=\"async\" width=\"381\" height=\"206\" class=\"wp-image-266 aligncenter\" src=\"https:\/\/masam.cuautitlan.unam.mx\/dycme\/ce\/wp-content\/uploads\/sites\/14\/2022\/05\/word-image.png\" srcset=\"https:\/\/masam.cuautitlan.unam.mx\/dycme\/ce\/wp-content\/uploads\/sites\/14\/2022\/05\/word-image.png 381w, https:\/\/masam.cuautitlan.unam.mx\/dycme\/ce\/wp-content\/uploads\/sites\/14\/2022\/05\/word-image-300x162.png 300w\" sizes=\"auto, (max-width: 381px) 100vw, 381px\" \/>Figura 1. Partes del LOGO 230RC que se tiene en el LIME IV. Fuente: Manual de LOGO!<\/h6>\n<h6 style=\"text-align: center;\"><img loading=\"lazy\" decoding=\"async\" width=\"414\" height=\"207\" class=\"wp-image-267 aligncenter\" src=\"https:\/\/masam.cuautitlan.unam.mx\/dycme\/ce\/wp-content\/uploads\/sites\/14\/2022\/05\/word-image-1.png\" srcset=\"https:\/\/masam.cuautitlan.unam.mx\/dycme\/ce\/wp-content\/uploads\/sites\/14\/2022\/05\/word-image-1.png 414w, https:\/\/masam.cuautitlan.unam.mx\/dycme\/ce\/wp-content\/uploads\/sites\/14\/2022\/05\/word-image-1-300x150.png 300w\" sizes=\"auto, (max-width: 414px) 100vw, 414px\" \/>Figura 2: Partes del LOGO DM8 230RC. Fuente: Manual LOGO!<\/h6>\n<p>En la Figura 1 y 2 se muestran las vistas frontales y laterales del m\u00f3dulo LOGO para que puedan ser identificadas m\u00e1s f\u00e1cilmente, lo m\u00e1s importante es ubicar la alimentaci\u00f3n, las entradas y salidas del m\u00f3dulo. Cada una de las partes enumeradas en las Figuras son:<\/p>\n<ol>\n<li><em>Alimentaci\u00f3n de tensi\u00f3n<\/em><\/li>\n<li><em>Entradas<\/em><\/li>\n<li><em>Salidas<\/em><\/li>\n<li><em>Recept\u00e1culo para modulo con tapa<\/em><\/li>\n<li><em>Panel de mando (no en RCo)<\/em><\/li>\n<li><em>Pantalla LCD (no en RCo)<\/em><\/li>\n<li><em>Indicador de estado RUN\/STOP<\/em><\/li>\n<li><em>Interfaz de ampliaci\u00f3n<\/em><\/li>\n<li><em>Codificaci\u00f3n mec\u00e1nica-clavija<\/em><\/li>\n<li><em>Condici\u00f3n mec\u00e1nica-hembrillas<\/em><\/li>\n<li><em>Gu\u00eda deslizante.<\/em><\/li>\n<\/ol>\n<p>Cada uno de estos m\u00f3dulos cuenta con un modelo\u00a0 y los n\u00fameros del modelo sirven para distinguir el tipo de LOGO! que se est\u00e1 usando, al leer el c\u00f3digo del LOGO! y conforme a la siguiente nomenclatura se pueden conocer sus caracter\u00edsticas de funcionamiento,<\/p>\n<ul>\n<li><em>12: versi\u00f3n de 12V<\/em><\/li>\n<li><em>24: versi\u00f3n de 24V<\/em><\/li>\n<li><em>230: versi\u00f3n de 115&#8230;240V<\/em><\/li>\n<li><em>E: Salidas de rel\u00e9 (sin la R: salidas de transistor)<\/em><\/li>\n<li><em>C: temporizado semanal integrado<\/em><\/li>\n<li><em>o: variante sin pantalla (\u201cLOGO! pure\u201d)<\/em><\/li>\n<li><em>DM: modulo digital<\/em><\/li>\n<li><em>AM: Modulo anal\u00f3gico<\/em><\/li>\n<li><em>CM: m\u00f3dulo de comunicaci\u00f3n Montaje y cableado Directrices Asegurarse de cumplir con las normas vigentes y vinculantes.<\/em><\/li>\n<\/ul>\n<p>La normativa y caracter\u00edsticas para el cableado y montaje de estos m\u00f3dulos se resumen a continuaci\u00f3n,<\/p>\n<ul>\n<li>Utilizar conductores de secci\u00f3n adecuada para la respectiva intensidad de funcionamiento. Se recomienda utilizar cables de secci\u00f3n 1,5mm<sup>2<\/sup> y 2.5mm<sup>2<\/sup>.<\/li>\n<li>No apretar los bornes de conexi\u00f3n con un par de torsi\u00f3n mayor a 0.5Nm.<\/li>\n<li>Las conexiones deben ser realizarse lo m\u00e1s cortas posible. Si se requieren conexiones m\u00e1s largas se recomienda usar cable apantallado. Los conductores se deben tender por pares: un conductor neutro junto con un conductor de fase o una l\u00ednea de se\u00f1al.<\/li>\n<li>Prevea protecci\u00f3n contra tracci\u00f3n de los conductores por alg\u00fan elemento externo y tambi\u00e9n protecci\u00f3n adecuada contra sobretensi\u00f3n.<\/li>\n<li>No conectar una fuente de alimentaci\u00f3n externa a una carga de salida paralela a una salida de corriente continua. De lo contrario podr\u00eda crearse una corriente inversa en la salida salvo que la estructura este provista de un diodo o un bloqueo similar.<\/li>\n<\/ul>\n<p>&nbsp;<\/p>\n<p>Los m\u00f3dulos LOGO est\u00e1n dise\u00f1ados para poder ser ampliados en caso de asi ser requerido, para ampliar el m\u00f3dulo correctamente, se debe tomar en cuenta el modelo del LOGO, la tabla 1 muestra los m\u00f3dulos y el tipo de ampliaci\u00f3n con el que son compatibles.<\/p>\n<h6 style=\"text-align: center;\"><img loading=\"lazy\" decoding=\"async\" width=\"416\" height=\"274\" class=\"wp-image-268 aligncenter\" src=\"https:\/\/masam.cuautitlan.unam.mx\/dycme\/ce\/wp-content\/uploads\/sites\/14\/2022\/05\/word-image-2.png\" srcset=\"https:\/\/masam.cuautitlan.unam.mx\/dycme\/ce\/wp-content\/uploads\/sites\/14\/2022\/05\/word-image-2.png 416w, https:\/\/masam.cuautitlan.unam.mx\/dycme\/ce\/wp-content\/uploads\/sites\/14\/2022\/05\/word-image-2-300x198.png 300w\" sizes=\"auto, (max-width: 416px) 100vw, 416px\" \/>Tabla 1: M\u00f3dulos de ampliaci\u00f3n de los m\u00f3dulos LOGO! Fuente: Manual de LOGO!<\/h6>\n<p><em>El m\u00f3dulo con el que se cuenta y las pr\u00e1cticas mostradas en esta p\u00e1gina se realizan con el modelo LOGO!230RC, el cual se puede ampliar con los m\u00f3dulos DM 8 230R, AM2\/AM2 PT100 y CM.<\/em><\/p>\n<h2>Conexi\u00f3n<\/h2>\n<p>La parte inicial para el funcionamiento del LOGO! es la conexi\u00f3n a la fuente de alimentaci\u00f3n se muestra en la Figura 4, en donde se tiene en cuenta dos tipos de protecciones una es contra corrientes altas (fusible) y la otra es contra variaciones de voltaje (varistor), estas protecciones deben tenerse en cuenta al instalar el m\u00f3dulo LOGO!<\/p>\n<h6 style=\"text-align: center;\"><img loading=\"lazy\" decoding=\"async\" width=\"372\" height=\"281\" class=\"wp-image-269 aligncenter\" src=\"https:\/\/masam.cuautitlan.unam.mx\/dycme\/ce\/wp-content\/uploads\/sites\/14\/2022\/05\/word-image-3.png\" srcset=\"https:\/\/masam.cuautitlan.unam.mx\/dycme\/ce\/wp-content\/uploads\/sites\/14\/2022\/05\/word-image-3.png 372w, https:\/\/masam.cuautitlan.unam.mx\/dycme\/ce\/wp-content\/uploads\/sites\/14\/2022\/05\/word-image-3-300x227.png 300w\" sizes=\"auto, (max-width: 372px) 100vw, 372px\" \/>Figura 4: Conexi\u00f3n a la Red del LOGO!\u00a0 Fuente: Manual de LOGO!<\/h6>\n<p>Programaci\u00f3n de LOGO!<\/p>\n<p>Para realizar una programaci\u00f3n correcta con este LOGO! se presentan a continuaci\u00f3n un c\u00famulo de reglas que se recomienda seguir al momento de programar el m\u00f3dulo.<\/p>\n<p>Reglas de Oro para manejar LOGO!<\/p>\n<p>Regla 1. Cambio del modo de operaci\u00f3n<\/p>\n<ul>\n<li>El programa se crea en el modo de operaci\u00f3n. Tras una conexi\u00f3n de alimentaci\u00f3n y al ver la leyenda \u201cNo Program\/ Press ESC\u201d en el display, se debe pulsar la tecla ESC para acceder al modo de programaci\u00f3n.<\/li>\n<li>La modificaci\u00f3n de los valores de tiempo y de par\u00e1metros en un programa ya existente pueden realizarse en los modos de parametrizaci\u00f3n y programaci\u00f3n. Durante la parametrizaci\u00f3n LOGO! se encuentra en modo RUN, es decir, que el programa continua en proceso. Para programar, primero debe finalizarse el proceso del programa con el comando \u201cStop\u201d.<\/li>\n<li>Para acceder al modo RUN debe ejecutar el comando de men\u00fa \u201cStart\u201d del men\u00fa principal.<\/li>\n<li>Estando en el modo RUN y si se quiere regresar al modo de operaci\u00f3n, se debe pulsar la tecla ESC.<\/li>\n<li>Si est\u00e1 en el modo de parametrizaci\u00f3n y desea regresar al modo de programaci\u00f3n, debe seleccionar el comando \u201cStop\u201d del men\u00fa de parametrizaci\u00f3n y despu\u00e9s elegir \u201cYes\u201d a la pregunta \u201cStop Prg\u201d, colocando el cursor sobre \u201cYes\u201d y pulsando la tecla OK.<\/li>\n<\/ul>\n<p>Regla 2. Salidas y entradas<\/p>\n<ul>\n<li>El programa debe siempre empezar con una entrada a la izquierda y terminar con una salida a la derecha.<\/li>\n<li>Al programar directamente de la pantalla de LOGO, el programa debe introducirse siempre desde la salida hasta la entrada.<\/li>\n<li>Es posible enlazar una salida con varias entradas, pero no conectar varias salidas a una entrada.<\/li>\n<li>Dentro de una ruta del programa no se puede enlazar una salida con una entrada precedente. Para tales retroacciones internas (recursiones) es necesario intercalar marcas o salidas.<\/li>\n<\/ul>\n<p>Regla 3. Cursor y posicionamiento del cursor.<\/p>\n<ul>\n<li>Si el cursor se representa subrayado, significa que se puede posicionar:\n<ul>\n<li>Pulse las teclas \u25c4,\u25ba,\u25b2 o \u25bc para mover el cursor en el programa.<\/li>\n<li>Con OK se elije \u201cSeleccionar borne\/bloque\u201d.<\/li>\n<li>Con ESC se sale del modo de introducci\u00f3n del programa.<\/li>\n<\/ul>\n<\/li>\n<li>Si el cursor se representa enmarcado, deber\u00e1 Ud. Elegir un borne\/bloque.\n<ul>\n<li>Pulse las teclas \u25b2 o \u25bc para elegir un borne o un bloque.<\/li>\n<li>Confirme la selecci\u00f3n pulsando OK.<\/li>\n<li>Con ESC retrocede un paso.<\/li>\n<\/ul>\n<\/li>\n<\/ul>\n<p>Regla 4. Planificaci\u00f3n<\/p>\n<ul>\n<li>Antes de crear un programa, haga primero un esbozo completo en papel o programe LOGO! directamente con LOGO! Soft Comfort.<\/li>\n<li>LOGO! s\u00f3lo puede guardar programas completos y correctos.<\/li>\n<\/ul>\n<h6 style=\"text-align: center;\"><img loading=\"lazy\" decoding=\"async\" width=\"381\" height=\"346\" class=\"wp-image-270 aligncenter\" src=\"https:\/\/masam.cuautitlan.unam.mx\/dycme\/ce\/wp-content\/uploads\/sites\/14\/2022\/05\/word-image-4.png\" srcset=\"https:\/\/masam.cuautitlan.unam.mx\/dycme\/ce\/wp-content\/uploads\/sites\/14\/2022\/05\/word-image-4.png 381w, https:\/\/masam.cuautitlan.unam.mx\/dycme\/ce\/wp-content\/uploads\/sites\/14\/2022\/05\/word-image-4-300x272.png 300w\" sizes=\"auto, (max-width: 381px) 100vw, 381px\" \/>Figura 5. Modo Programaci\u00f3n. Fuente: Manual de LOGO!<\/h6>\n<h6 style=\"text-align: center;\"><img loading=\"lazy\" decoding=\"async\" width=\"159\" height=\"108\" class=\"wp-image-271 aligncenter\" src=\"https:\/\/masam.cuautitlan.unam.mx\/dycme\/ce\/wp-content\/uploads\/sites\/14\/2022\/05\/word-image-5.png\" \/>Figura 6. Modo Parametrizaci\u00f3n. Fuente Manual de LOGO!<\/h6>\n<h2>Ajuste de fecha y hora<\/h2>\n<p>El tener correctamente ajustadas la fecha y la hora del m\u00f3dulo LOGO es importante para que las funciones en las cuales se trabaja con un tiempo y fecha definida, trabajen correctamente. Tambi\u00e9n es \u00fatil para funciones como los temporizadores. Estos valores se pueden ajustar tanto en Parametrizaci\u00f3n como en Programaci\u00f3n.<\/p>\n<ul>\n<li>Para hacerlo a trav\u00e9s de Parametrizaci\u00f3n:<\/li>\n<\/ul>\n<ol>\n<li>Acceder modo Parametrizaci\u00f3n: Pulsar simult\u00e1neamente teclas <strong>ESC<\/strong> y <strong>OK<\/strong>.<\/li>\n<li>Se desplegar\u00e1 un men\u00fa: <strong>Stop, Set Param, Set Clock y Prg name.<\/strong><\/li>\n<li>Seleccione <strong>Set Clock<\/strong> con la tecla <strong>Ok<\/strong>.<img loading=\"lazy\" decoding=\"async\" width=\"145\" height=\"98\" class=\"wp-image-272 aligncenter\" src=\"https:\/\/masam.cuautitlan.unam.mx\/dycme\/ce\/wp-content\/uploads\/sites\/14\/2022\/05\/word-image-6.png\" \/><\/li>\n<li>Con los cursores se modifica digito por digito ajustando la fecha y hora.<\/li>\n<li>Oprimir la tecla <strong>Ok<\/strong> al finalizar.<\/li>\n<\/ol>\n<ul>\n<li>Para hacerlo a trav\u00e9s de programaci\u00f3n:<\/li>\n<\/ul>\n<ol>\n<li>Pulsando la tecla <strong>Esc<\/strong> se accede al men\u00fa principal donde se despliega lo siguiente:<img loading=\"lazy\" decoding=\"async\" width=\"178\" height=\"94\" class=\"wp-image-273 aligncenter\" src=\"https:\/\/masam.cuautitlan.unam.mx\/dycme\/ce\/wp-content\/uploads\/sites\/14\/2022\/05\/word-image-7.png\" \/><\/li>\n<li>Seleccionar <strong>Clock<\/strong>.<\/li>\n<li>En el men\u00fa Hora selecciona <strong>Set clock<\/strong>\u00a0 y confirmar con <strong>Ok<\/strong>.<\/li>\n<li>Con los cursores se modifica digito por digito los valores de la fecha y hora.<\/li>\n<\/ol>\n<h2>Conexi\u00f3n LOGO! a un PC<\/h2>\n<p>Para realizar la conexi\u00f3n del m\u00f3dulo LOGO! con un PC, se necesita un cable especial, a continuaci\u00f3n se muestran los pasos para realizar esta conexi\u00f3n,<\/p>\n<ol>\n<li>Retire la cubierta o el m\u00f3dulo de programa Card de su LOGO!, inserte el cable en la pc y en el LOGO! y abra el programa LOGO!Soft<\/li>\n<li>Para realizar la comunicaci\u00f3n entre LOGO! y la computadora se necesita conmutar el m\u00f3dulo LOGO! a su modo <strong>Run<\/strong>&#8211;<strong>Stop<\/strong>.<\/li>\n<li>Selecciona interfaz de conexi\u00f3n, en caso de estar conectados a trav\u00e9s de una red ETHERNET o con cable USB se debe seleccionar la opci\u00f3n correspondiente.\u00a0 \u00a0 \u00a0 \u00a0 \u00a0 \u00a0 \u00a0 \u00a0 \u00a0 \u00a0 \u00a0 \u00a0 \u00a0 \u00a0 \u00a0 \u00a0 \u00a0 \u00a0 \u00a0 \u00a0 \u00a0 \u00a0 \u00a0 \u00a0 \u00a0 \u00a0 \u00a0 \u00a0 <img loading=\"lazy\" decoding=\"async\" class=\"size-medium wp-image-279 aligncenter\" src=\"https:\/\/masam.cuautitlan.unam.mx\/dycme\/ce\/wp-content\/uploads\/sites\/14\/2022\/05\/interfaz-300x259.png\" alt=\"\" width=\"300\" height=\"259\" srcset=\"https:\/\/masam.cuautitlan.unam.mx\/dycme\/ce\/wp-content\/uploads\/sites\/14\/2022\/05\/interfaz-300x259.png 300w, https:\/\/masam.cuautitlan.unam.mx\/dycme\/ce\/wp-content\/uploads\/sites\/14\/2022\/05\/interfaz.png 660w\" sizes=\"auto, (max-width: 300px) 100vw, 300px\" \/><\/li>\n<li>En el LOGO Soft Comfort aparecen los siguiente s\u00edmbolos en la barra superior.<\/li>\n<li>En la siguiente imagen se muestran los modos de operaci\u00f3n de la comunicaci\u00f3n entre la PC y el LOGO, el bot\u00f3n indicado con el n\u00famero 1 es el bot\u00f3n de Run, el indicado con el n\u00famero 2 es el bot\u00f3n de STOP, el n\u00famero 3 indica el intercambio de informaci\u00f3n entre la PC al LOGO!, y el n\u00famero 4 indica el intercambio de informaci\u00f3n entre el LOGO! al PC.\u00a0 \u00a0 \u00a0 \u00a0 \u00a0 \u00a0 \u00a0 \u00a0 <img loading=\"lazy\" decoding=\"async\" class=\"size-medium wp-image-280 aligncenter\" src=\"https:\/\/masam.cuautitlan.unam.mx\/dycme\/ce\/wp-content\/uploads\/sites\/14\/2022\/05\/botoneslogo-300x49.png\" alt=\"\" width=\"300\" height=\"49\" srcset=\"https:\/\/masam.cuautitlan.unam.mx\/dycme\/ce\/wp-content\/uploads\/sites\/14\/2022\/05\/botoneslogo-300x49.png 300w, https:\/\/masam.cuautitlan.unam.mx\/dycme\/ce\/wp-content\/uploads\/sites\/14\/2022\/05\/botoneslogo-768x125.png 768w, https:\/\/masam.cuautitlan.unam.mx\/dycme\/ce\/wp-content\/uploads\/sites\/14\/2022\/05\/botoneslogo.png 794w\" sizes=\"auto, (max-width: 300px) 100vw, 300px\" \/><\/li>\n<li>En el display del m\u00f3dulo LOGO! aparecen los siguientes s\u00edmbolos en la pantalla dependiendo de el modo de comunicaci\u00f3n que se escogi\u00f3.<\/li>\n<\/ol>\n<p><img loading=\"lazy\" decoding=\"async\" width=\"315\" height=\"94\" class=\"wp-image-276 aligncenter\" src=\"https:\/\/masam.cuautitlan.unam.mx\/dycme\/ce\/wp-content\/uploads\/sites\/14\/2022\/05\/word-image-10.png\" srcset=\"https:\/\/masam.cuautitlan.unam.mx\/dycme\/ce\/wp-content\/uploads\/sites\/14\/2022\/05\/word-image-10.png 315w, https:\/\/masam.cuautitlan.unam.mx\/dycme\/ce\/wp-content\/uploads\/sites\/14\/2022\/05\/word-image-10-300x90.png 300w\" sizes=\"auto, (max-width: 315px) 100vw, 315px\" \/><\/p>\n<p>&nbsp;<\/p>\n","protected":false},"excerpt":{"rendered":"<p>En esta secci\u00f3n se muestra un resumen de las caracter\u00edsticas m\u00e1s importantes de LOGO! y de la forma de programar y conectar el m\u00f3dulo a un PC para poder cargar un programa o descargarlo para guardarlo. Esta informaci\u00f3n se encuentra disponible y con m\u00e1s detalle en: LOGO! M\u00f3dulo l\u00f3gico | Controladores SIMATIC | Siemens Mexico &hellip; <\/p>\n<p class=\"link-more\"><a href=\"https:\/\/masam.cuautitlan.unam.mx\/dycme\/ce\/caracteristicas\/\" class=\"more-link\">Continuar leyendo<span class=\"screen-reader-text\"> &#8220;Caracter\u00edsticas&#8221;<\/span><\/a><\/p>\n","protected":false},"author":2,"featured_media":0,"parent":0,"menu_order":0,"comment_status":"closed","ping_status":"closed","template":"","meta":{"inline_featured_image":false,"footnotes":""},"class_list":["post-255","page","type-page","status-publish","hentry"],"_links":{"self":[{"href":"https:\/\/masam.cuautitlan.unam.mx\/dycme\/ce\/wp-json\/wp\/v2\/pages\/255","targetHints":{"allow":["GET"]}}],"collection":[{"href":"https:\/\/masam.cuautitlan.unam.mx\/dycme\/ce\/wp-json\/wp\/v2\/pages"}],"about":[{"href":"https:\/\/masam.cuautitlan.unam.mx\/dycme\/ce\/wp-json\/wp\/v2\/types\/page"}],"author":[{"embeddable":true,"href":"https:\/\/masam.cuautitlan.unam.mx\/dycme\/ce\/wp-json\/wp\/v2\/users\/2"}],"replies":[{"embeddable":true,"href":"https:\/\/masam.cuautitlan.unam.mx\/dycme\/ce\/wp-json\/wp\/v2\/comments?post=255"}],"version-history":[{"count":3,"href":"https:\/\/masam.cuautitlan.unam.mx\/dycme\/ce\/wp-json\/wp\/v2\/pages\/255\/revisions"}],"predecessor-version":[{"id":281,"href":"https:\/\/masam.cuautitlan.unam.mx\/dycme\/ce\/wp-json\/wp\/v2\/pages\/255\/revisions\/281"}],"wp:attachment":[{"href":"https:\/\/masam.cuautitlan.unam.mx\/dycme\/ce\/wp-json\/wp\/v2\/media?parent=255"}],"curies":[{"name":"wp","href":"https:\/\/api.w.org\/{rel}","templated":true}]}}