{"id":171,"date":"2022-04-22T17:54:18","date_gmt":"2022-04-22T17:54:18","guid":{"rendered":"https:\/\/masam.cuautitlan.unam.mx\/dycme\/ce\/?page_id=171"},"modified":"2022-04-29T18:21:04","modified_gmt":"2022-04-29T18:21:04","slug":"software","status":"publish","type":"page","link":"https:\/\/masam.cuautitlan.unam.mx\/dycme\/ce\/software\/","title":{"rendered":"Software"},"content":{"rendered":"<p>Esta secci\u00f3n est\u00e1 dedicada a mostrar la instalaci\u00f3n de diferentes programas que se utilizan para la simulaci\u00f3n de los circuitos aqu\u00ed mostrados y la programaci\u00f3n de los mismos en PLC.<\/p>\n<p>Los programas mostrados en el men\u00fa desplegable de &#8220;Software&#8221; son gratuitos y de libre acceso.<\/p>\n","protected":false},"excerpt":{"rendered":"<p>Esta secci\u00f3n est\u00e1 dedicada a mostrar la instalaci\u00f3n de diferentes programas que se utilizan para la simulaci\u00f3n de los circuitos aqu\u00ed mostrados y la programaci\u00f3n de los mismos en PLC. Los programas mostrados en el men\u00fa desplegable de &#8220;Software&#8221; son gratuitos y de libre acceso.<\/p>\n","protected":false},"author":2,"featured_media":0,"parent":0,"menu_order":0,"comment_status":"closed","ping_status":"closed","template":"","meta":{"inline_featured_image":false,"footnotes":""},"class_list":["post-171","page","type-page","status-publish","hentry"],"_links":{"self":[{"href":"https:\/\/masam.cuautitlan.unam.mx\/dycme\/ce\/wp-json\/wp\/v2\/pages\/171","targetHints":{"allow":["GET"]}}],"collection":[{"href":"https:\/\/masam.cuautitlan.unam.mx\/dycme\/ce\/wp-json\/wp\/v2\/pages"}],"about":[{"href":"https:\/\/masam.cuautitlan.unam.mx\/dycme\/ce\/wp-json\/wp\/v2\/types\/page"}],"author":[{"embeddable":true,"href":"https:\/\/masam.cuautitlan.unam.mx\/dycme\/ce\/wp-json\/wp\/v2\/users\/2"}],"replies":[{"embeddable":true,"href":"https:\/\/masam.cuautitlan.unam.mx\/dycme\/ce\/wp-json\/wp\/v2\/comments?post=171"}],"version-history":[{"count":3,"href":"https:\/\/masam.cuautitlan.unam.mx\/dycme\/ce\/wp-json\/wp\/v2\/pages\/171\/revisions"}],"predecessor-version":[{"id":249,"href":"https:\/\/masam.cuautitlan.unam.mx\/dycme\/ce\/wp-json\/wp\/v2\/pages\/171\/revisions\/249"}],"wp:attachment":[{"href":"https:\/\/masam.cuautitlan.unam.mx\/dycme\/ce\/wp-json\/wp\/v2\/media?parent=171"}],"curies":[{"name":"wp","href":"https:\/\/api.w.org\/{rel}","templated":true}]}}