{"id":126,"date":"2022-04-06T00:31:02","date_gmt":"2022-04-06T00:31:02","guid":{"rendered":"https:\/\/masam.cuautitlan.unam.mx\/dycme\/ce\/?page_id=126"},"modified":"2022-05-24T14:51:39","modified_gmt":"2022-05-24T14:51:39","slug":"arranque-directo","status":"publish","type":"page","link":"https:\/\/masam.cuautitlan.unam.mx\/dycme\/ce\/arranque-directo\/","title":{"rendered":"arranque directo"},"content":{"rendered":"<p>El arranque directo de un motor trif\u00e1sico es el circuito de control m\u00e1s simple y b\u00e1sico que existe, este circuito solo se compone de los dispositivos m\u00e1s elementales para protecci\u00f3n y arranque de motor.<\/p>\n<p>Este circuito se muestra a continuaci\u00f3n.<\/p>\n<h6 style=\"text-align: center;\"><img loading=\"lazy\" decoding=\"async\" class=\"size-medium wp-image-163 aligncenter\" src=\"https:\/\/masam.cuautitlan.unam.mx\/dycme\/ce\/wp-content\/uploads\/sites\/14\/2022\/04\/arranquedirectoweb-1-250x300.jpg\" alt=\"\" width=\"250\" height=\"300\" srcset=\"https:\/\/masam.cuautitlan.unam.mx\/dycme\/ce\/wp-content\/uploads\/sites\/14\/2022\/04\/arranquedirectoweb-1-250x300.jpg 250w, https:\/\/masam.cuautitlan.unam.mx\/dycme\/ce\/wp-content\/uploads\/sites\/14\/2022\/04\/arranquedirectoweb-1.jpg 462w\" sizes=\"auto, (max-width: 250px) 100vw, 250px\" \/>Figura 1. Diagrama de fuerza y control del arranque directo de un motor trif\u00e1sico.<\/h6>\n<p>En el circuito mostrado en la Figura 1, se muestra el diagrama de fuerza, el cual consta de un disyuntor, que es el interruptor principal, despu\u00e9s se muestra el conector conectado en las terminales de fuerza, y por \u00faltimo el rel\u00e9 t\u00e9rmico\u00a0 conectado al motor trif\u00e1sico. En la parte del diagrama de control se encuentra el bot\u00f3n de paro con la etiqueta BP, despu\u00e9s el bot\u00f3n de arranque con la etiqueta BA ,\u00a0 se muestra tambi\u00e9n el contacto auxiliar del rel\u00e9 t\u00e9rmico normalmente cerrado con etiqueta F y por \u00faltimo la conexi\u00f3n de la bobina de control del contactor KM.<\/p>\n<p>La secuencia l\u00f3gica de control es como sigue,<\/p>\n<p>1.- Al oprimir el bot\u00f3n de arranque BA, la bobina del contactor KM se energiza.<\/p>\n<p>2.- La bobina del contactor KM est\u00e1 energizada y cierra sus contactos normalmente abiertos (NO), dejando fluir la energ\u00eda por el circuito de fuerza.<\/p>\n<p>3.- El motor se energiza y empieza a girar y solo lo har\u00e1 mientras el bot\u00f3n BA est\u00e9 siendo presionado o si se presiona el bot\u00f3n de paro BP.<\/p>\n<p>Nota: El bot\u00f3n de arranque BA se puede cambiar por un interruptor que mantenga encendido el motor, sin necesidad de mantener presionado el mismo.<\/p>\n<p>Este es el circuito m\u00e1s b\u00e1sico de control para el arranque de un motor trif\u00e1sico.<\/p>\n","protected":false},"excerpt":{"rendered":"<p>El arranque directo de un motor trif\u00e1sico es el circuito de control m\u00e1s simple y b\u00e1sico que existe, este circuito solo se compone de los dispositivos m\u00e1s elementales para protecci\u00f3n y arranque de motor. Este circuito se muestra a continuaci\u00f3n. Figura 1. Diagrama de fuerza y control del arranque directo de un motor trif\u00e1sico. En &hellip; <\/p>\n<p class=\"link-more\"><a href=\"https:\/\/masam.cuautitlan.unam.mx\/dycme\/ce\/arranque-directo\/\" class=\"more-link\">Continuar leyendo<span class=\"screen-reader-text\"> &#8220;arranque directo&#8221;<\/span><\/a><\/p>\n","protected":false},"author":2,"featured_media":0,"parent":0,"menu_order":0,"comment_status":"closed","ping_status":"closed","template":"","meta":{"inline_featured_image":false,"footnotes":""},"class_list":["post-126","page","type-page","status-publish","hentry"],"_links":{"self":[{"href":"https:\/\/masam.cuautitlan.unam.mx\/dycme\/ce\/wp-json\/wp\/v2\/pages\/126","targetHints":{"allow":["GET"]}}],"collection":[{"href":"https:\/\/masam.cuautitlan.unam.mx\/dycme\/ce\/wp-json\/wp\/v2\/pages"}],"about":[{"href":"https:\/\/masam.cuautitlan.unam.mx\/dycme\/ce\/wp-json\/wp\/v2\/types\/page"}],"author":[{"embeddable":true,"href":"https:\/\/masam.cuautitlan.unam.mx\/dycme\/ce\/wp-json\/wp\/v2\/users\/2"}],"replies":[{"embeddable":true,"href":"https:\/\/masam.cuautitlan.unam.mx\/dycme\/ce\/wp-json\/wp\/v2\/comments?post=126"}],"version-history":[{"count":10,"href":"https:\/\/masam.cuautitlan.unam.mx\/dycme\/ce\/wp-json\/wp\/v2\/pages\/126\/revisions"}],"predecessor-version":[{"id":284,"href":"https:\/\/masam.cuautitlan.unam.mx\/dycme\/ce\/wp-json\/wp\/v2\/pages\/126\/revisions\/284"}],"wp:attachment":[{"href":"https:\/\/masam.cuautitlan.unam.mx\/dycme\/ce\/wp-json\/wp\/v2\/media?parent=126"}],"curies":[{"name":"wp","href":"https:\/\/api.w.org\/{rel}","templated":true}]}}