{"id":106,"date":"2022-03-29T00:49:15","date_gmt":"2022-03-29T00:49:15","guid":{"rendered":"https:\/\/masam.cuautitlan.unam.mx\/dycme\/ce\/?page_id=106"},"modified":"2025-08-12T00:35:18","modified_gmt":"2025-08-12T00:35:18","slug":"switches","status":"publish","type":"page","link":"https:\/\/masam.cuautitlan.unam.mx\/dycme\/ce\/switches\/","title":{"rendered":"Switches"},"content":{"rendered":"<p>Los s\u00edmbolos m\u00e1s comunes para representar switch son los siguientes,<\/p>\n<h6 style=\"text-align: center;\"><img loading=\"lazy\" decoding=\"async\" class=\"alignnone size-medium wp-image-107 aligncenter\" src=\"https:\/\/masam.cuautitlan.unam.mx\/dycme\/ce\/wp-content\/uploads\/sites\/14\/2022\/03\/switchpagina-300x197.jpg\" alt=\"\" width=\"300\" height=\"197\" srcset=\"https:\/\/masam.cuautitlan.unam.mx\/dycme\/ce\/wp-content\/uploads\/sites\/14\/2022\/03\/switchpagina-300x197.jpg 300w, https:\/\/masam.cuautitlan.unam.mx\/dycme\/ce\/wp-content\/uploads\/sites\/14\/2022\/03\/switchpagina-768x505.jpg 768w, https:\/\/masam.cuautitlan.unam.mx\/dycme\/ce\/wp-content\/uploads\/sites\/14\/2022\/03\/switchpagina.jpg 1000w\" sizes=\"auto, (max-width: 300px) 100vw, 300px\" \/>Figura 1. S\u00edmbolo el\u00e9ctrico del switch normalmente abierto (NO) (Izquierda) y normalmente cerrado (NC) (Derecha).<\/h6>\n<p>Donde se muestran las configuraciones Normalmente Abiertos (NO), Normalmente Cerrados (NC). Tambi\u00e9n se utilizan los switch Normalmente Abiertos que se mantienen cerrados por alguna condici\u00f3n del circuito y los Normalmente Cerrados que se mantienen abiertos por la misma raz\u00f3n.<\/p>\n<p>Hay muchos tipos de switches y para diferenciarlos, las normas indican que a cada s\u00edmbolo de switch mostrado en la Figura 1, se le debe agregar un s\u00edmbolo m\u00e1s en el contacto m\u00f3vil y con esto se puede diferenciar que tipo de switch y c\u00f3mo funcionar\u00e1. Dependiendo de el uso que se le de al switch, tambi\u00e9n pueden ser conocidos como sensores.<\/p>\n<p><strong>Limit switch.<\/strong><\/p>\n<p>El primero y m\u00e1s utilizado de estos switches es el <strong>limit switch\u00a0<\/strong>o <strong>sensor de fin de carrera<\/strong>, estos son sensores de contacto, por lo cual necesitan tener una fuerza mec\u00e1nica que los active para cerrar o abrir el switch. Este tipo de sensor se utiliza para detectar el paso, la presencia o ausencia de un objeto, ya que necesita que el objeto a ser sensado accione mec\u00e1nicamente a este switch, se puede saber si el objeto est\u00e1 o no presente.<\/p>\n<h6 style=\"text-align: center;\"><img loading=\"lazy\" decoding=\"async\" class=\"alignnone size-medium wp-image-113 aligncenter\" src=\"https:\/\/masam.cuautitlan.unam.mx\/dycme\/ce\/wp-content\/uploads\/sites\/14\/2022\/03\/limitswitchp-300x135.png\" alt=\"\" width=\"300\" height=\"135\" srcset=\"https:\/\/masam.cuautitlan.unam.mx\/dycme\/ce\/wp-content\/uploads\/sites\/14\/2022\/03\/limitswitchp-300x135.png 300w, https:\/\/masam.cuautitlan.unam.mx\/dycme\/ce\/wp-content\/uploads\/sites\/14\/2022\/03\/limitswitchp.png 718w\" sizes=\"auto, (max-width: 300px) 100vw, 300px\" \/>Figura 2 S\u00edmbolo del limit switch.<\/h6>\n<p>&nbsp;<\/p>\n<h6 style=\"text-align: center;\"><img loading=\"lazy\" decoding=\"async\" class=\"alignnone size-medium wp-image-116 aligncenter\" src=\"https:\/\/masam.cuautitlan.unam.mx\/dycme\/ce\/wp-content\/uploads\/sites\/14\/2022\/03\/limitswitch-300x300.jpg\" alt=\"\" width=\"300\" height=\"300\" srcset=\"https:\/\/masam.cuautitlan.unam.mx\/dycme\/ce\/wp-content\/uploads\/sites\/14\/2022\/03\/limitswitch-300x300.jpg 300w, https:\/\/masam.cuautitlan.unam.mx\/dycme\/ce\/wp-content\/uploads\/sites\/14\/2022\/03\/limitswitch-1024x1024.jpg 1024w, https:\/\/masam.cuautitlan.unam.mx\/dycme\/ce\/wp-content\/uploads\/sites\/14\/2022\/03\/limitswitch-150x150.jpg 150w, https:\/\/masam.cuautitlan.unam.mx\/dycme\/ce\/wp-content\/uploads\/sites\/14\/2022\/03\/limitswitch-768x768.jpg 768w, https:\/\/masam.cuautitlan.unam.mx\/dycme\/ce\/wp-content\/uploads\/sites\/14\/2022\/03\/limitswitch-100x100.jpg 100w, https:\/\/masam.cuautitlan.unam.mx\/dycme\/ce\/wp-content\/uploads\/sites\/14\/2022\/03\/limitswitch.jpg 1280w\" sizes=\"auto, (max-width: 300px) 100vw, 300px\" \/>Figura 3. Limit switch industrial marca Honeywell. (Tomado de https:\/\/sps.honeywell.com\/mx\/es\/products)<\/h6>\n<p><strong>Float switch.<\/strong><\/p>\n<p>Este switch es un <strong>sensor de nivel<\/strong> de l\u00edquido o tambi\u00e9n conocido como sensor de boya, &#8220;flotador&#8221; (el sensor mec\u00e1nico que todos conocen es el flotador que se tiene en el tinaco, que cierra el flujo de agua cuando el tanque est\u00e1 lleno). Este sensor sirve para conocer el nivel de l\u00edquido dentro de un tanque, pueden sensar cuando est\u00e1 completamente lleno o tambi\u00e9n existen sensores que sensar el porcentaje de l\u00edquido que hay. En el control electromec\u00e1nico, se actualiz\u00f3 este sensor y hay sensores que se han actualizado y utilizan diferentes m\u00e9todos para conocer el nivel del l\u00edquido dentro de un tanque o tuber\u00eda. Estos sensores pueden ser de montaje lateral o vertical, dependiendo el tipo, algunos a\u00fan usan el principio de flotaci\u00f3n junto con un flotador magn\u00e9tico el cual sirve para cerrar o abrir el circuito, mientras que otros utilizan el principio de diferencia de resistencia al estar dentro de un l\u00edquido y con esto conocer el nivel del mismo.<\/p>\n<h6 style=\"text-align: center;\"><img loading=\"lazy\" decoding=\"async\" class=\"alignnone size-medium wp-image-117 aligncenter\" src=\"https:\/\/masam.cuautitlan.unam.mx\/dycme\/ce\/wp-content\/uploads\/sites\/14\/2022\/03\/floatswitch-300x164.jpg\" alt=\"\" width=\"300\" height=\"164\" srcset=\"https:\/\/masam.cuautitlan.unam.mx\/dycme\/ce\/wp-content\/uploads\/sites\/14\/2022\/03\/floatswitch-300x164.jpg 300w, https:\/\/masam.cuautitlan.unam.mx\/dycme\/ce\/wp-content\/uploads\/sites\/14\/2022\/03\/floatswitch.jpg 512w\" sizes=\"auto, (max-width: 300px) 100vw, 300px\" \/>Figura 4. S\u00edmbolo del sensor de nivel.<\/h6>\n<p>&nbsp;<\/p>\n<h6 style=\"text-align: center;\"><img loading=\"lazy\" decoding=\"async\" class=\"alignnone size-medium wp-image-118 aligncenter\" src=\"https:\/\/masam.cuautitlan.unam.mx\/dycme\/ce\/wp-content\/uploads\/sites\/14\/2022\/03\/flotadores-300x259.jpg\" alt=\"\" width=\"300\" height=\"259\" srcset=\"https:\/\/masam.cuautitlan.unam.mx\/dycme\/ce\/wp-content\/uploads\/sites\/14\/2022\/03\/flotadores-300x259.jpg 300w, https:\/\/masam.cuautitlan.unam.mx\/dycme\/ce\/wp-content\/uploads\/sites\/14\/2022\/03\/flotadores-1024x885.jpg 1024w, https:\/\/masam.cuautitlan.unam.mx\/dycme\/ce\/wp-content\/uploads\/sites\/14\/2022\/03\/flotadores-768x664.jpg 768w, https:\/\/masam.cuautitlan.unam.mx\/dycme\/ce\/wp-content\/uploads\/sites\/14\/2022\/03\/flotadores.jpg 1060w\" sizes=\"auto, (max-width: 300px) 100vw, 300px\" \/>Figura 5. Diferentes tipos de sensores de nivel. (Im\u00e1genes tomadas de la red).<\/h6>\n<p><strong>Flow switch<\/strong><\/p>\n<p>El sensor de flujo, se instala como un componente adicional de la tuber\u00eda, la instalaci\u00f3n puede ser dentro de la tuber\u00eda de servicio o los m\u00e1s actuales pueden ser instalados por fuera de la tuber\u00eda &#8220;rode\u00e1ndola&#8221; con el dispositivo y midiendo el flujo por medio de electromagnetismo . Esto se hace con el fin de que el flujo del l\u00edquido o gas que est\u00e9 pasando dentro de la tuber\u00eda pueda ser sensado por el dispositivo.<\/p>\n<p>Este sensor se activa cuando hay un flujo de l\u00edquido o gas dentro de la tuber\u00eda, pero es importante saber que no mide caudal, solamente mide si existe un &#8220;movimiento&#8221; del fluido dentro de la tuber\u00eda, de haber flujo, el sensor se activa y al dejar de haber flujo el sensor se desactiva. El mecanismo b\u00e1sico de este dispositivo es de ubicar unas paletas o elemento que interrumpa el flujo, con lo cual el mismo flujo empujar\u00e1 estas paletas y eso cerrar\u00e1 el interruptor y el circuito el\u00e9ctrico.<\/p>\n<h6 style=\"text-align: center;\"><img loading=\"lazy\" decoding=\"async\" class=\"alignnone size-medium wp-image-119 aligncenter\" src=\"https:\/\/masam.cuautitlan.unam.mx\/dycme\/ce\/wp-content\/uploads\/sites\/14\/2022\/03\/flowswitch-300x163.jpg\" alt=\"\" width=\"300\" height=\"163\" srcset=\"https:\/\/masam.cuautitlan.unam.mx\/dycme\/ce\/wp-content\/uploads\/sites\/14\/2022\/03\/flowswitch-300x163.jpg 300w, https:\/\/masam.cuautitlan.unam.mx\/dycme\/ce\/wp-content\/uploads\/sites\/14\/2022\/03\/flowswitch.jpg 630w\" sizes=\"auto, (max-width: 300px) 100vw, 300px\" \/>Figura 6. S\u00edmbolo del sensor de flujo.<\/h6>\n<p>&nbsp;<\/p>\n<p style=\"text-align: center;\"><img loading=\"lazy\" decoding=\"async\" class=\"alignnone size-medium wp-image-122 aligncenter\" src=\"https:\/\/masam.cuautitlan.unam.mx\/dycme\/ce\/wp-content\/uploads\/sites\/14\/2022\/03\/sensoresflujo-300x273.jpg\" alt=\"\" width=\"300\" height=\"273\" srcset=\"https:\/\/masam.cuautitlan.unam.mx\/dycme\/ce\/wp-content\/uploads\/sites\/14\/2022\/03\/sensoresflujo-300x273.jpg 300w, https:\/\/masam.cuautitlan.unam.mx\/dycme\/ce\/wp-content\/uploads\/sites\/14\/2022\/03\/sensoresflujo-768x700.jpg 768w, https:\/\/masam.cuautitlan.unam.mx\/dycme\/ce\/wp-content\/uploads\/sites\/14\/2022\/03\/sensoresflujo.jpg 992w\" sizes=\"auto, (max-width: 300px) 100vw, 300px\" \/><strong>Figura 7. Sensores de flujo de tipo paleta (A), compuerta (B), paletas giratorias (C) y electromagn\u00e9tico (D).<\/strong><\/p>\n<p>&nbsp;<\/p>\n<p>\u00bfC\u00f3mo funcionan estos? Aunque son normalmente abiertos, algo del circuito los mantiene cerrados o viceversa, por ejemplo, imagine el funcionamiento del circuito de un aire acondicionado, el cual mantiene un switch de baja presi\u00f3n cerrado gracias al refrigerante que fluye por el serpent\u00edn del sistema, si llega a haber alguna fuga de este l\u00edquido, entonces el circuito se abrir\u00e1 y dejar\u00e1 de funcionar el compresor indicando que hay una falla. Y aunque en el diagrama se indica que el circuito est\u00e1 cerrado, en la conexi\u00f3n f\u00edsica del switch, se debe realizar en un switch normalmente abierto para que esto funcione.<\/p>\n<h6 style=\"text-align: center;\"><img loading=\"lazy\" decoding=\"async\" class=\"size-medium wp-image-108 aligncenter\" src=\"https:\/\/masam.cuautitlan.unam.mx\/dycme\/ce\/wp-content\/uploads\/sites\/14\/2022\/03\/sensorbapresion-300x86.jpg\" alt=\"\" width=\"300\" height=\"86\" srcset=\"https:\/\/masam.cuautitlan.unam.mx\/dycme\/ce\/wp-content\/uploads\/sites\/14\/2022\/03\/sensorbapresion-300x86.jpg 300w, https:\/\/masam.cuautitlan.unam.mx\/dycme\/ce\/wp-content\/uploads\/sites\/14\/2022\/03\/sensorbapresion-768x219.jpg 768w, https:\/\/masam.cuautitlan.unam.mx\/dycme\/ce\/wp-content\/uploads\/sites\/14\/2022\/03\/sensorbapresion.jpg 1010w\" sizes=\"auto, (max-width: 300px) 100vw, 300px\" \/>Figura 8. Diagrama de control del sensado de baja y alta presi\u00f3n del circuito de un aire acondicionado.<\/h6>\n<p>&nbsp;<\/p>\n","protected":false},"excerpt":{"rendered":"<p>Los s\u00edmbolos m\u00e1s comunes para representar switch son los siguientes, Figura 1. S\u00edmbolo el\u00e9ctrico del switch normalmente abierto (NO) (Izquierda) y normalmente cerrado (NC) (Derecha). Donde se muestran las configuraciones Normalmente Abiertos (NO), Normalmente Cerrados (NC). Tambi\u00e9n se utilizan los switch Normalmente Abiertos que se mantienen cerrados por alguna condici\u00f3n del circuito y los Normalmente &hellip; <\/p>\n<p class=\"link-more\"><a href=\"https:\/\/masam.cuautitlan.unam.mx\/dycme\/ce\/switches\/\" class=\"more-link\">Continuar leyendo<span class=\"screen-reader-text\"> &#8220;Switches&#8221;<\/span><\/a><\/p>\n","protected":false},"author":2,"featured_media":0,"parent":0,"menu_order":0,"comment_status":"closed","ping_status":"closed","template":"","meta":{"inline_featured_image":false,"footnotes":""},"class_list":["post-106","page","type-page","status-publish","hentry"],"_links":{"self":[{"href":"https:\/\/masam.cuautitlan.unam.mx\/dycme\/ce\/wp-json\/wp\/v2\/pages\/106","targetHints":{"allow":["GET"]}}],"collection":[{"href":"https:\/\/masam.cuautitlan.unam.mx\/dycme\/ce\/wp-json\/wp\/v2\/pages"}],"about":[{"href":"https:\/\/masam.cuautitlan.unam.mx\/dycme\/ce\/wp-json\/wp\/v2\/types\/page"}],"author":[{"embeddable":true,"href":"https:\/\/masam.cuautitlan.unam.mx\/dycme\/ce\/wp-json\/wp\/v2\/users\/2"}],"replies":[{"embeddable":true,"href":"https:\/\/masam.cuautitlan.unam.mx\/dycme\/ce\/wp-json\/wp\/v2\/comments?post=106"}],"version-history":[{"count":7,"href":"https:\/\/masam.cuautitlan.unam.mx\/dycme\/ce\/wp-json\/wp\/v2\/pages\/106\/revisions"}],"predecessor-version":[{"id":2256,"href":"https:\/\/masam.cuautitlan.unam.mx\/dycme\/ce\/wp-json\/wp\/v2\/pages\/106\/revisions\/2256"}],"wp:attachment":[{"href":"https:\/\/masam.cuautitlan.unam.mx\/dycme\/ce\/wp-json\/wp\/v2\/media?parent=106"}],"curies":[{"name":"wp","href":"https:\/\/api.w.org\/{rel}","templated":true}]}}